{"id":803,"date":"2020-08-17T14:34:09","date_gmt":"2020-08-17T14:34:09","guid":{"rendered":"https:\/\/www.atlas-apex.com\/?page_id=803"},"modified":"2020-10-28T20:02:04","modified_gmt":"2020-10-28T20:02:04","slug":"service-department","status":"publish","type":"page","link":"https:\/\/www.atlas-apex.com\/fr\/divisions\/service-department\/","title":{"rendered":"D\u00e9partement De Service"},"content":{"rendered":"<p>Notre d\u00e9partement de service est l'un des meilleurs dans ce secteur, avec une couverture compl\u00e8te afin d\u2019assister nos pr\u00e9cieux clients dans tout le Canada. Allant des fuites de toit d'urgence aux grands projets de r\u00e9paration, passant par tout ce qui se trouve entre les deux, nos professionnels du service sont comp\u00e9tents et exp\u00e9riment\u00e9s dans la gamme compl\u00e8te des services de toitures, pour tous les types de toit. Nous fournissons \u00e0 nos clients des rapports de service complets, qui comprennent des photos, des recommandations et des devis, et notre base de donn\u00e9es de projets contient un historique complet des services de t\u00f4lerie, avec des fonctions d'analyse et de rapport. Toitures Atlas-Apex vous sert de pont pour passer d'un oc\u00e9an \u00e0 l'autre, 24 heures sur 24, 365 jours par an. <\/p>","protected":false},"excerpt":{"rendered":"<p>Our Service Department is one of the largest and most capable in the industry, with full-service coverage to assist our valued customers&#8230;<\/p>","protected":false},"author":1,"featured_media":0,"parent":45,"menu_order":24,"comment_status":"closed","ping_status":"closed","template":"template-divisions-single.php","meta":{"_acf_changed":false,"inline_featured_image":false,"footnotes":""},"class_list":["post-803","page","type-page","status-publish","hentry"],"acf":[],"yoast_head":"<!-- This site is optimized with the Yoast SEO plugin v27.4 - https:\/\/yoast.com\/product\/yoast-seo-wordpress\/ -->\n<title>Service Department - Atlas-Apex Roofing Inc.<\/title>\n<meta name=\"description\" content=\"-1379\" \/>\n<meta name=\"robots\" content=\"index, follow, max-snippet:-1, max-image-preview:large, max-video-preview:-1\" \/>\n<link rel=\"canonical\" href=\"https:\/\/www.atlas-apex.com\/fr\/divisions\/service-department\/\" \/>\n<meta property=\"og:locale\" content=\"fr_CA\" \/>\n<meta property=\"og:type\" content=\"article\" \/>\n<meta property=\"og:title\" content=\"Service Department - Atlas-Apex Roofing Inc.\" \/>\n<meta property=\"og:description\" content=\"-1379\" \/>\n<meta property=\"og:url\" content=\"https:\/\/www.atlas-apex.com\/fr\/divisions\/service-department\/\" \/>\n<meta property=\"og:site_name\" content=\"Atlas-Apex Roofing Inc.\" \/>\n<meta property=\"article:modified_time\" content=\"2020-10-28T20:02:04+00:00\" \/>\n<meta name=\"twitter:card\" content=\"summary_large_image\" \/>\n<meta name=\"twitter:label1\" content=\"Estimation du temps de lecture\" \/>\n\t<meta name=\"twitter:data1\" content=\"1 minute\" \/>\n<script type=\"application\/ld+json\" class=\"yoast-schema-graph\">{\"@context\":\"https:\\\/\\\/schema.org\",\"@graph\":[{\"@type\":\"WebPage\",\"@id\":\"https:\\\/\\\/www.atlas-apex.com\\\/divisions\\\/service-department\\\/\",\"url\":\"https:\\\/\\\/www.atlas-apex.com\\\/divisions\\\/service-department\\\/\",\"name\":\"Service Department - Atlas-Apex Roofing Inc.\",\"isPartOf\":{\"@id\":\"https:\\\/\\\/www.atlas-apex.com\\\/#website\"},\"datePublished\":\"2020-08-17T14:34:09+00:00\",\"dateModified\":\"2020-10-28T20:02:04+00:00\",\"description\":\"-1379\",\"breadcrumb\":{\"@id\":\"https:\\\/\\\/www.atlas-apex.com\\\/divisions\\\/service-department\\\/#breadcrumb\"},\"inLanguage\":\"fr-CA\",\"potentialAction\":[{\"@type\":\"ReadAction\",\"target\":[\"https:\\\/\\\/www.atlas-apex.com\\\/divisions\\\/service-department\\\/\"]}]},{\"@type\":\"BreadcrumbList\",\"@id\":\"https:\\\/\\\/www.atlas-apex.com\\\/divisions\\\/service-department\\\/#breadcrumb\",\"itemListElement\":[{\"@type\":\"ListItem\",\"position\":1,\"name\":\"Home\",\"item\":\"https:\\\/\\\/www.atlas-apex.com\\\/\"},{\"@type\":\"ListItem\",\"position\":2,\"name\":\"Divisions\",\"item\":\"https:\\\/\\\/www.atlas-apex.com\\\/divisions\\\/\"},{\"@type\":\"ListItem\",\"position\":3,\"name\":\"Service Department\"}]},{\"@type\":\"WebSite\",\"@id\":\"https:\\\/\\\/www.atlas-apex.com\\\/#website\",\"url\":\"https:\\\/\\\/www.atlas-apex.com\\\/\",\"name\":\"Atlas-Apex Roofing Inc.\",\"description\":\"\",\"potentialAction\":[{\"@type\":\"SearchAction\",\"target\":{\"@type\":\"EntryPoint\",\"urlTemplate\":\"https:\\\/\\\/www.atlas-apex.com\\\/?s={search_term_string}\"},\"query-input\":{\"@type\":\"PropertyValueSpecification\",\"valueRequired\":true,\"valueName\":\"search_term_string\"}}],\"inLanguage\":\"fr-CA\"}]}<\/script>\n<!-- \/ Yoast SEO plugin. -->","yoast_head_json":{"title":"Service Department - Atlas-Apex Roofing Inc.","description":"-1379","robots":{"index":"index","follow":"follow","max-snippet":"max-snippet:-1","max-image-preview":"max-image-preview:large","max-video-preview":"max-video-preview:-1"},"canonical":"https:\/\/www.atlas-apex.com\/fr\/divisions\/service-department\/","og_locale":"fr_CA","og_type":"article","og_title":"Service Department - Atlas-Apex Roofing Inc.","og_description":"-1379","og_url":"https:\/\/www.atlas-apex.com\/fr\/divisions\/service-department\/","og_site_name":"Atlas-Apex Roofing Inc.","article_modified_time":"2020-10-28T20:02:04+00:00","twitter_card":"summary_large_image","twitter_misc":{"Estimation du temps de lecture":"1 minute"},"schema":{"@context":"https:\/\/schema.org","@graph":[{"@type":"WebPage","@id":"https:\/\/www.atlas-apex.com\/divisions\/service-department\/","url":"https:\/\/www.atlas-apex.com\/divisions\/service-department\/","name":"Service Department - Atlas-Apex Roofing Inc.","isPartOf":{"@id":"https:\/\/www.atlas-apex.com\/#website"},"datePublished":"2020-08-17T14:34:09+00:00","dateModified":"2020-10-28T20:02:04+00:00","description":"-1379","breadcrumb":{"@id":"https:\/\/www.atlas-apex.com\/divisions\/service-department\/#breadcrumb"},"inLanguage":"fr-CA","potentialAction":[{"@type":"ReadAction","target":["https:\/\/www.atlas-apex.com\/divisions\/service-department\/"]}]},{"@type":"BreadcrumbList","@id":"https:\/\/www.atlas-apex.com\/divisions\/service-department\/#breadcrumb","itemListElement":[{"@type":"ListItem","position":1,"name":"Home","item":"https:\/\/www.atlas-apex.com\/"},{"@type":"ListItem","position":2,"name":"Divisions","item":"https:\/\/www.atlas-apex.com\/divisions\/"},{"@type":"ListItem","position":3,"name":"Service Department"}]},{"@type":"WebSite","@id":"https:\/\/www.atlas-apex.com\/#website","url":"https:\/\/www.atlas-apex.com\/","name":"Atlas-Apex Roofing","description":"","potentialAction":[{"@type":"SearchAction","target":{"@type":"EntryPoint","urlTemplate":"https:\/\/www.atlas-apex.com\/?s={search_term_string}"},"query-input":{"@type":"PropertyValueSpecification","valueRequired":true,"valueName":"search_term_string"}}],"inLanguage":"fr-CA"}]}},"_links":{"self":[{"href":"https:\/\/www.atlas-apex.com\/fr\/wp-json\/wp\/v2\/pages\/803","targetHints":{"allow":["GET"]}}],"collection":[{"href":"https:\/\/www.atlas-apex.com\/fr\/wp-json\/wp\/v2\/pages"}],"about":[{"href":"https:\/\/www.atlas-apex.com\/fr\/wp-json\/wp\/v2\/types\/page"}],"author":[{"embeddable":true,"href":"https:\/\/www.atlas-apex.com\/fr\/wp-json\/wp\/v2\/users\/1"}],"replies":[{"embeddable":true,"href":"https:\/\/www.atlas-apex.com\/fr\/wp-json\/wp\/v2\/comments?post=803"}],"version-history":[{"count":0,"href":"https:\/\/www.atlas-apex.com\/fr\/wp-json\/wp\/v2\/pages\/803\/revisions"}],"up":[{"embeddable":true,"href":"https:\/\/www.atlas-apex.com\/fr\/wp-json\/wp\/v2\/pages\/45"}],"wp:attachment":[{"href":"https:\/\/www.atlas-apex.com\/fr\/wp-json\/wp\/v2\/media?parent=803"}],"curies":[{"name":"wp","href":"https:\/\/api.w.org\/{rel}","templated":true}]}}