{"id":800,"date":"2020-08-17T14:33:30","date_gmt":"2020-08-17T14:33:30","guid":{"rendered":"https:\/\/www.atlas-apex.com\/?page_id=800"},"modified":"2020-10-28T20:07:41","modified_gmt":"2020-10-28T20:07:41","slug":"waterproofing-green-services","status":"publish","type":"page","link":"https:\/\/www.atlas-apex.com\/fr\/divisions\/waterproofing-green-services\/","title":{"rendered":"\u00c9tanch\u00e9it\u00e9 Et Services \u00c9cologiques"},"content":{"rendered":"<p>L'industrie de t\u00f4lerie a connu une croissance et une innovation incroyables en mati\u00e8re de d\u00e9veloppement et de mise en \u0153uvre de solutions \u00e9cologiques pour des applications industrielles, commerciales et institutionnelles. Depuis les d\u00e9buts, Toitures Atlas-Apex s\u2019est impliqu\u00e9 dans cette tendance, et continue de jouer un r\u00f4le cl\u00e9 dans l\u2019am\u00e9lioration de ce secteur.<\/p>\n\n\n\n<p>Nous proposons une large gamme de services \u00e9cologiques, qui s\u2019adaptent \u00e0 l\u2019\u00e9volution de l'industrie. Certains des types de services ecologiques les plus courants que nous offrons sont<\/p>\n\n\n\n<p>\u2022 B\u00e9ton isolant l\u00e9ger (LWIC)<br>\u2022 Syst\u00e8me photovolta\u00efque sur le toit (panneaux solaires)<br>\u2022 Membranes\/rev\u00eatements r\u00e9fl\u00e9chissants pour toitures<br>\u2022 Syst\u00e8mes de restauration des toits<br>\u2022 Syst\u00e8mes de t\u00f4lerie v\u00e9g\u00e9tales<\/p>\n\n\n\n<p>Toitures Atlas-Apex vous assistera dans le processus en fonction du type de projet et des objectifs \u00e9cologiques sp\u00e9cifiques impliqu\u00e9s, afin s'assurer que la mise en \u0153uvre est r\u00e9ussie et bien au-del\u00e0 vos attentes.<\/p>","protected":false},"excerpt":{"rendered":"<p>The roofing industry has seen incredible growth and innovation when it comes to developments and implementation of \u201cgreen\u201d solutions for industrial, commercial&#8230;<\/p>","protected":false},"author":1,"featured_media":0,"parent":45,"menu_order":22,"comment_status":"closed","ping_status":"closed","template":"template-divisions-single.php","meta":{"_acf_changed":false,"inline_featured_image":false,"footnotes":""},"class_list":["post-800","page","type-page","status-publish","hentry"],"acf":[],"yoast_head":"<!-- This site is optimized with the Yoast SEO plugin v27.4 - https:\/\/yoast.com\/product\/yoast-seo-wordpress\/ -->\n<title>Waterproofing &amp; Green Services - Atlas-Apex Roofing Inc.<\/title>\n<meta name=\"description\" content=\"-1379\" \/>\n<meta name=\"robots\" content=\"index, follow, max-snippet:-1, max-image-preview:large, max-video-preview:-1\" \/>\n<link rel=\"canonical\" href=\"https:\/\/www.atlas-apex.com\/fr\/divisions\/waterproofing-green-services\/\" \/>\n<meta property=\"og:locale\" content=\"fr_CA\" \/>\n<meta property=\"og:type\" content=\"article\" \/>\n<meta property=\"og:title\" content=\"Waterproofing &amp; Green Services - Atlas-Apex Roofing Inc.\" \/>\n<meta property=\"og:description\" content=\"-1379\" \/>\n<meta property=\"og:url\" content=\"https:\/\/www.atlas-apex.com\/fr\/divisions\/waterproofing-green-services\/\" \/>\n<meta property=\"og:site_name\" content=\"Atlas-Apex Roofing Inc.\" \/>\n<meta property=\"article:modified_time\" content=\"2020-10-28T20:07:41+00:00\" \/>\n<meta name=\"twitter:card\" content=\"summary_large_image\" \/>\n<meta name=\"twitter:label1\" content=\"Estimation du temps de lecture\" \/>\n\t<meta name=\"twitter:data1\" content=\"1 minute\" \/>\n<script type=\"application\/ld+json\" class=\"yoast-schema-graph\">{\"@context\":\"https:\\\/\\\/schema.org\",\"@graph\":[{\"@type\":\"WebPage\",\"@id\":\"https:\\\/\\\/www.atlas-apex.com\\\/divisions\\\/waterproofing-green-services\\\/\",\"url\":\"https:\\\/\\\/www.atlas-apex.com\\\/divisions\\\/waterproofing-green-services\\\/\",\"name\":\"Waterproofing & Green Services - Atlas-Apex Roofing Inc.\",\"isPartOf\":{\"@id\":\"https:\\\/\\\/www.atlas-apex.com\\\/#website\"},\"datePublished\":\"2020-08-17T14:33:30+00:00\",\"dateModified\":\"2020-10-28T20:07:41+00:00\",\"description\":\"-1379\",\"breadcrumb\":{\"@id\":\"https:\\\/\\\/www.atlas-apex.com\\\/divisions\\\/waterproofing-green-services\\\/#breadcrumb\"},\"inLanguage\":\"fr-CA\",\"potentialAction\":[{\"@type\":\"ReadAction\",\"target\":[\"https:\\\/\\\/www.atlas-apex.com\\\/divisions\\\/waterproofing-green-services\\\/\"]}]},{\"@type\":\"BreadcrumbList\",\"@id\":\"https:\\\/\\\/www.atlas-apex.com\\\/divisions\\\/waterproofing-green-services\\\/#breadcrumb\",\"itemListElement\":[{\"@type\":\"ListItem\",\"position\":1,\"name\":\"Home\",\"item\":\"https:\\\/\\\/www.atlas-apex.com\\\/\"},{\"@type\":\"ListItem\",\"position\":2,\"name\":\"Divisions\",\"item\":\"https:\\\/\\\/www.atlas-apex.com\\\/divisions\\\/\"},{\"@type\":\"ListItem\",\"position\":3,\"name\":\"Waterproofing &#038; Green Services\"}]},{\"@type\":\"WebSite\",\"@id\":\"https:\\\/\\\/www.atlas-apex.com\\\/#website\",\"url\":\"https:\\\/\\\/www.atlas-apex.com\\\/\",\"name\":\"Atlas-Apex Roofing Inc.\",\"description\":\"\",\"potentialAction\":[{\"@type\":\"SearchAction\",\"target\":{\"@type\":\"EntryPoint\",\"urlTemplate\":\"https:\\\/\\\/www.atlas-apex.com\\\/?s={search_term_string}\"},\"query-input\":{\"@type\":\"PropertyValueSpecification\",\"valueRequired\":true,\"valueName\":\"search_term_string\"}}],\"inLanguage\":\"fr-CA\"}]}<\/script>\n<!-- \/ Yoast SEO plugin. -->","yoast_head_json":{"title":"Waterproofing & Green Services - Atlas-Apex Roofing Inc.","description":"-1379","robots":{"index":"index","follow":"follow","max-snippet":"max-snippet:-1","max-image-preview":"max-image-preview:large","max-video-preview":"max-video-preview:-1"},"canonical":"https:\/\/www.atlas-apex.com\/fr\/divisions\/waterproofing-green-services\/","og_locale":"fr_CA","og_type":"article","og_title":"Waterproofing & Green Services - Atlas-Apex Roofing Inc.","og_description":"-1379","og_url":"https:\/\/www.atlas-apex.com\/fr\/divisions\/waterproofing-green-services\/","og_site_name":"Atlas-Apex Roofing Inc.","article_modified_time":"2020-10-28T20:07:41+00:00","twitter_card":"summary_large_image","twitter_misc":{"Estimation du temps de lecture":"1 minute"},"schema":{"@context":"https:\/\/schema.org","@graph":[{"@type":"WebPage","@id":"https:\/\/www.atlas-apex.com\/divisions\/waterproofing-green-services\/","url":"https:\/\/www.atlas-apex.com\/divisions\/waterproofing-green-services\/","name":"Waterproofing & Green Services - Atlas-Apex Roofing Inc.","isPartOf":{"@id":"https:\/\/www.atlas-apex.com\/#website"},"datePublished":"2020-08-17T14:33:30+00:00","dateModified":"2020-10-28T20:07:41+00:00","description":"-1379","breadcrumb":{"@id":"https:\/\/www.atlas-apex.com\/divisions\/waterproofing-green-services\/#breadcrumb"},"inLanguage":"fr-CA","potentialAction":[{"@type":"ReadAction","target":["https:\/\/www.atlas-apex.com\/divisions\/waterproofing-green-services\/"]}]},{"@type":"BreadcrumbList","@id":"https:\/\/www.atlas-apex.com\/divisions\/waterproofing-green-services\/#breadcrumb","itemListElement":[{"@type":"ListItem","position":1,"name":"Home","item":"https:\/\/www.atlas-apex.com\/"},{"@type":"ListItem","position":2,"name":"Divisions","item":"https:\/\/www.atlas-apex.com\/divisions\/"},{"@type":"ListItem","position":3,"name":"Waterproofing &#038; Green Services"}]},{"@type":"WebSite","@id":"https:\/\/www.atlas-apex.com\/#website","url":"https:\/\/www.atlas-apex.com\/","name":"Atlas-Apex Roofing","description":"","potentialAction":[{"@type":"SearchAction","target":{"@type":"EntryPoint","urlTemplate":"https:\/\/www.atlas-apex.com\/?s={search_term_string}"},"query-input":{"@type":"PropertyValueSpecification","valueRequired":true,"valueName":"search_term_string"}}],"inLanguage":"fr-CA"}]}},"_links":{"self":[{"href":"https:\/\/www.atlas-apex.com\/fr\/wp-json\/wp\/v2\/pages\/800","targetHints":{"allow":["GET"]}}],"collection":[{"href":"https:\/\/www.atlas-apex.com\/fr\/wp-json\/wp\/v2\/pages"}],"about":[{"href":"https:\/\/www.atlas-apex.com\/fr\/wp-json\/wp\/v2\/types\/page"}],"author":[{"embeddable":true,"href":"https:\/\/www.atlas-apex.com\/fr\/wp-json\/wp\/v2\/users\/1"}],"replies":[{"embeddable":true,"href":"https:\/\/www.atlas-apex.com\/fr\/wp-json\/wp\/v2\/comments?post=800"}],"version-history":[{"count":0,"href":"https:\/\/www.atlas-apex.com\/fr\/wp-json\/wp\/v2\/pages\/800\/revisions"}],"up":[{"embeddable":true,"href":"https:\/\/www.atlas-apex.com\/fr\/wp-json\/wp\/v2\/pages\/45"}],"wp:attachment":[{"href":"https:\/\/www.atlas-apex.com\/fr\/wp-json\/wp\/v2\/media?parent=800"}],"curies":[{"name":"wp","href":"https:\/\/api.w.org\/{rel}","templated":true}]}}