{"id":797,"date":"2020-08-17T14:32:33","date_gmt":"2020-08-17T14:32:33","guid":{"rendered":"https:\/\/www.atlas-apex.com\/?page_id=797"},"modified":"2024-05-13T09:55:26","modified_gmt":"2024-05-13T13:55:26","slug":"new-construction","status":"publish","type":"page","link":"https:\/\/www.atlas-apex.com\/fr\/divisions\/new-construction\/","title":{"rendered":"Nouvelles constructions"},"content":{"rendered":"<p>Les nouveaux projets de construction se font en suivant un processus complexe ayant plusieurs \u00e9tapes et \u00e0 plusieurs m\u00e9tiers. Chez Atlas-Apex Roofing, nous vous expliquons et vous guidons \u00e0 travers toutes les \u00e9tapes \u00e0 franchir pour mener a bien le travail dans les d\u00e9lais et le budget pr\u00e9vus. Atlas-Apex Roofing vous guidera \u00e0 travers les diff\u00e9rents corps de m\u00e9tier n\u00e9cessaires pour votre travail, estimera le calendrier et g\u00e9rera ce processus \u00e9tape par \u00e9tape du d\u00e9but \u00e0 la fin.<\/p>\n\n\n\n<p>Notre \u00e9quipe de sp\u00e9cialistes en toiture et en projet vous accompagneront tout au long du projet, en s\u2019assurant que chaque \u00e9tape soit clairement d\u00e9finie, coordonn\u00e9e et ex\u00e9cut\u00e9e suivant les normes et les attentes les plus \u00e9lev\u00e9es du secteur. Comme pour tous les grands projets que nous entreprenons, nos nouveaux projets de construction sont g\u00e9r\u00e9s par notre syst\u00e8me d'exploitation de production (POS), con\u00e7u sur mesure et propri\u00e9taire, qui fournit \u00e0 toute l'\u00e9quipe de projet la supervision compl\u00e8te, la coordination et les communications transparentes indispensables \u00e0 la r\u00e9ussite du projet.<\/p>","protected":false},"excerpt":{"rendered":"<p>New construction projects require a complex multi-step, multi-trade process. At Atlas-Apex Roofing, we explain and walk you through all the steps that&#8230;<\/p>","protected":false},"author":1,"featured_media":0,"parent":45,"menu_order":20,"comment_status":"closed","ping_status":"closed","template":"template-divisions-single.php","meta":{"_acf_changed":false,"inline_featured_image":false,"footnotes":""},"class_list":["post-797","page","type-page","status-publish","hentry"],"acf":[],"yoast_head":"<!-- This site is optimized with the Yoast SEO plugin v27.3 - https:\/\/yoast.com\/product\/yoast-seo-wordpress\/ -->\n<title>New Construction - Atlas-Apex Roofing Inc.<\/title>\n<meta name=\"description\" content=\"-1379\" \/>\n<meta name=\"robots\" content=\"index, follow, max-snippet:-1, max-image-preview:large, max-video-preview:-1\" \/>\n<link rel=\"canonical\" href=\"https:\/\/www.atlas-apex.com\/fr\/divisions\/new-construction\/\" \/>\n<meta property=\"og:locale\" content=\"fr_CA\" \/>\n<meta property=\"og:type\" content=\"article\" \/>\n<meta property=\"og:title\" content=\"New Construction - Atlas-Apex Roofing Inc.\" \/>\n<meta property=\"og:description\" content=\"-1379\" \/>\n<meta property=\"og:url\" content=\"https:\/\/www.atlas-apex.com\/fr\/divisions\/new-construction\/\" \/>\n<meta property=\"og:site_name\" content=\"Atlas-Apex Roofing Inc.\" \/>\n<meta property=\"article:modified_time\" content=\"2024-05-13T13:55:26+00:00\" \/>\n<meta name=\"twitter:card\" content=\"summary_large_image\" \/>\n<meta name=\"twitter:label1\" content=\"Estimation du temps de lecture\" \/>\n\t<meta name=\"twitter:data1\" content=\"1 minute\" \/>\n<script type=\"application\/ld+json\" class=\"yoast-schema-graph\">{\"@context\":\"https:\\\/\\\/schema.org\",\"@graph\":[{\"@type\":\"WebPage\",\"@id\":\"https:\\\/\\\/www.atlas-apex.com\\\/divisions\\\/new-construction\\\/\",\"url\":\"https:\\\/\\\/www.atlas-apex.com\\\/divisions\\\/new-construction\\\/\",\"name\":\"New Construction - Atlas-Apex Roofing Inc.\",\"isPartOf\":{\"@id\":\"https:\\\/\\\/www.atlas-apex.com\\\/#website\"},\"datePublished\":\"2020-08-17T14:32:33+00:00\",\"dateModified\":\"2024-05-13T13:55:26+00:00\",\"description\":\"-1379\",\"breadcrumb\":{\"@id\":\"https:\\\/\\\/www.atlas-apex.com\\\/divisions\\\/new-construction\\\/#breadcrumb\"},\"inLanguage\":\"fr-CA\",\"potentialAction\":[{\"@type\":\"ReadAction\",\"target\":[\"https:\\\/\\\/www.atlas-apex.com\\\/divisions\\\/new-construction\\\/\"]}]},{\"@type\":\"BreadcrumbList\",\"@id\":\"https:\\\/\\\/www.atlas-apex.com\\\/divisions\\\/new-construction\\\/#breadcrumb\",\"itemListElement\":[{\"@type\":\"ListItem\",\"position\":1,\"name\":\"Home\",\"item\":\"https:\\\/\\\/www.atlas-apex.com\\\/\"},{\"@type\":\"ListItem\",\"position\":2,\"name\":\"Divisions\",\"item\":\"https:\\\/\\\/www.atlas-apex.com\\\/divisions\\\/\"},{\"@type\":\"ListItem\",\"position\":3,\"name\":\"New Construction\"}]},{\"@type\":\"WebSite\",\"@id\":\"https:\\\/\\\/www.atlas-apex.com\\\/#website\",\"url\":\"https:\\\/\\\/www.atlas-apex.com\\\/\",\"name\":\"Atlas-Apex Roofing Inc.\",\"description\":\"\",\"potentialAction\":[{\"@type\":\"SearchAction\",\"target\":{\"@type\":\"EntryPoint\",\"urlTemplate\":\"https:\\\/\\\/www.atlas-apex.com\\\/?s={search_term_string}\"},\"query-input\":{\"@type\":\"PropertyValueSpecification\",\"valueRequired\":true,\"valueName\":\"search_term_string\"}}],\"inLanguage\":\"fr-CA\"}]}<\/script>\n<!-- \/ Yoast SEO plugin. -->","yoast_head_json":{"title":"New Construction - Atlas-Apex Roofing Inc.","description":"-1379","robots":{"index":"index","follow":"follow","max-snippet":"max-snippet:-1","max-image-preview":"max-image-preview:large","max-video-preview":"max-video-preview:-1"},"canonical":"https:\/\/www.atlas-apex.com\/fr\/divisions\/new-construction\/","og_locale":"fr_CA","og_type":"article","og_title":"New Construction - Atlas-Apex Roofing Inc.","og_description":"-1379","og_url":"https:\/\/www.atlas-apex.com\/fr\/divisions\/new-construction\/","og_site_name":"Atlas-Apex Roofing Inc.","article_modified_time":"2024-05-13T13:55:26+00:00","twitter_card":"summary_large_image","twitter_misc":{"Estimation du temps de lecture":"1 minute"},"schema":{"@context":"https:\/\/schema.org","@graph":[{"@type":"WebPage","@id":"https:\/\/www.atlas-apex.com\/divisions\/new-construction\/","url":"https:\/\/www.atlas-apex.com\/divisions\/new-construction\/","name":"New Construction - Atlas-Apex Roofing Inc.","isPartOf":{"@id":"https:\/\/www.atlas-apex.com\/#website"},"datePublished":"2020-08-17T14:32:33+00:00","dateModified":"2024-05-13T13:55:26+00:00","description":"-1379","breadcrumb":{"@id":"https:\/\/www.atlas-apex.com\/divisions\/new-construction\/#breadcrumb"},"inLanguage":"fr-CA","potentialAction":[{"@type":"ReadAction","target":["https:\/\/www.atlas-apex.com\/divisions\/new-construction\/"]}]},{"@type":"BreadcrumbList","@id":"https:\/\/www.atlas-apex.com\/divisions\/new-construction\/#breadcrumb","itemListElement":[{"@type":"ListItem","position":1,"name":"Home","item":"https:\/\/www.atlas-apex.com\/"},{"@type":"ListItem","position":2,"name":"Divisions","item":"https:\/\/www.atlas-apex.com\/divisions\/"},{"@type":"ListItem","position":3,"name":"New Construction"}]},{"@type":"WebSite","@id":"https:\/\/www.atlas-apex.com\/#website","url":"https:\/\/www.atlas-apex.com\/","name":"Atlas-Apex Roofing","description":"","potentialAction":[{"@type":"SearchAction","target":{"@type":"EntryPoint","urlTemplate":"https:\/\/www.atlas-apex.com\/?s={search_term_string}"},"query-input":{"@type":"PropertyValueSpecification","valueRequired":true,"valueName":"search_term_string"}}],"inLanguage":"fr-CA"}]}},"_links":{"self":[{"href":"https:\/\/www.atlas-apex.com\/fr\/wp-json\/wp\/v2\/pages\/797","targetHints":{"allow":["GET"]}}],"collection":[{"href":"https:\/\/www.atlas-apex.com\/fr\/wp-json\/wp\/v2\/pages"}],"about":[{"href":"https:\/\/www.atlas-apex.com\/fr\/wp-json\/wp\/v2\/types\/page"}],"author":[{"embeddable":true,"href":"https:\/\/www.atlas-apex.com\/fr\/wp-json\/wp\/v2\/users\/1"}],"replies":[{"embeddable":true,"href":"https:\/\/www.atlas-apex.com\/fr\/wp-json\/wp\/v2\/comments?post=797"}],"version-history":[{"count":1,"href":"https:\/\/www.atlas-apex.com\/fr\/wp-json\/wp\/v2\/pages\/797\/revisions"}],"predecessor-version":[{"id":3913,"href":"https:\/\/www.atlas-apex.com\/fr\/wp-json\/wp\/v2\/pages\/797\/revisions\/3913"}],"up":[{"embeddable":true,"href":"https:\/\/www.atlas-apex.com\/fr\/wp-json\/wp\/v2\/pages\/45"}],"wp:attachment":[{"href":"https:\/\/www.atlas-apex.com\/fr\/wp-json\/wp\/v2\/media?parent=797"}],"curies":[{"name":"wp","href":"https:\/\/api.w.org\/{rel}","templated":true}]}}