{"id":783,"date":"2020-08-17T14:16:15","date_gmt":"2020-08-17T14:16:15","guid":{"rendered":"https:\/\/www.atlas-apex.com\/?page_id=783"},"modified":"2020-09-08T18:55:57","modified_gmt":"2020-09-08T18:55:57","slug":"retail","status":"publish","type":"page","link":"https:\/\/www.atlas-apex.com\/fr\/expertise\/retail\/","title":{"rendered":"Retail"},"content":{"rendered":"<p>Il faut bien comprendre le fonctionnement des d\u00e9taillants pour bien r\u00e9parer et l'entretenir des toits dans le secteur du commerce de d\u00e9tail. Dans le but de minimiser les perturbations, Toitures Atlas-Apex travaille avec toutes les parties prenantes afin de minimiser l'impact sur le personnel et les clients. L\u00e0 encore, la force d'un projet bien planifi\u00e9 est ce qui nous s\u00e9pare de tous les autres acteurs du secteur.&nbsp;<\/p>\n\n\n\n<p>Atlas-Apex Roofing fournit des services de couverture d'urgence 24 heures sur 24, 7 jours sur 7 et 365 jours par an.<\/p>","protected":false},"excerpt":{"rendered":"<p>Roof repairs and services in the retail environment require a solid understanding of how retailers operate. With a goal of minimal disruption,&#8230;<\/p>","protected":false},"author":1,"featured_media":0,"parent":51,"menu_order":29,"comment_status":"closed","ping_status":"closed","template":"template-expertise.php","meta":{"_acf_changed":false,"inline_featured_image":false,"footnotes":""},"class_list":["post-783","page","type-page","status-publish","hentry"],"acf":[],"yoast_head":"<!-- This site is optimized with the Yoast SEO plugin v27.4 - https:\/\/yoast.com\/product\/yoast-seo-wordpress\/ -->\n<title>Retail - Atlas-Apex Roofing Inc.<\/title>\n<meta name=\"robots\" content=\"index, follow, max-snippet:-1, max-image-preview:large, max-video-preview:-1\" \/>\n<link rel=\"canonical\" href=\"https:\/\/www.atlas-apex.com\/fr\/expertise\/retail\/\" \/>\n<meta property=\"og:locale\" content=\"fr_CA\" \/>\n<meta property=\"og:type\" content=\"article\" \/>\n<meta property=\"og:title\" content=\"Retail - Atlas-Apex Roofing Inc.\" \/>\n<meta property=\"og:description\" content=\"Roof repairs and services in the retail environment require a solid understanding of how retailers operate. With a goal of minimal disruption,...\" \/>\n<meta property=\"og:url\" content=\"https:\/\/www.atlas-apex.com\/fr\/expertise\/retail\/\" \/>\n<meta property=\"og:site_name\" content=\"Atlas-Apex Roofing Inc.\" \/>\n<meta property=\"article:modified_time\" content=\"2020-09-08T18:55:57+00:00\" \/>\n<meta name=\"twitter:card\" content=\"summary_large_image\" \/>\n<script type=\"application\/ld+json\" class=\"yoast-schema-graph\">{\"@context\":\"https:\\\/\\\/schema.org\",\"@graph\":[{\"@type\":\"WebPage\",\"@id\":\"https:\\\/\\\/www.atlas-apex.com\\\/expertise\\\/retail\\\/\",\"url\":\"https:\\\/\\\/www.atlas-apex.com\\\/expertise\\\/retail\\\/\",\"name\":\"Retail - Atlas-Apex Roofing Inc.\",\"isPartOf\":{\"@id\":\"https:\\\/\\\/www.atlas-apex.com\\\/#website\"},\"datePublished\":\"2020-08-17T14:16:15+00:00\",\"dateModified\":\"2020-09-08T18:55:57+00:00\",\"breadcrumb\":{\"@id\":\"https:\\\/\\\/www.atlas-apex.com\\\/expertise\\\/retail\\\/#breadcrumb\"},\"inLanguage\":\"fr-CA\",\"potentialAction\":[{\"@type\":\"ReadAction\",\"target\":[\"https:\\\/\\\/www.atlas-apex.com\\\/expertise\\\/retail\\\/\"]}]},{\"@type\":\"BreadcrumbList\",\"@id\":\"https:\\\/\\\/www.atlas-apex.com\\\/expertise\\\/retail\\\/#breadcrumb\",\"itemListElement\":[{\"@type\":\"ListItem\",\"position\":1,\"name\":\"Home\",\"item\":\"https:\\\/\\\/www.atlas-apex.com\\\/\"},{\"@type\":\"ListItem\",\"position\":2,\"name\":\"Expertise\",\"item\":\"https:\\\/\\\/www.atlas-apex.com\\\/expertise\\\/\"},{\"@type\":\"ListItem\",\"position\":3,\"name\":\"Retail\"}]},{\"@type\":\"WebSite\",\"@id\":\"https:\\\/\\\/www.atlas-apex.com\\\/#website\",\"url\":\"https:\\\/\\\/www.atlas-apex.com\\\/\",\"name\":\"Atlas-Apex Roofing Inc.\",\"description\":\"\",\"potentialAction\":[{\"@type\":\"SearchAction\",\"target\":{\"@type\":\"EntryPoint\",\"urlTemplate\":\"https:\\\/\\\/www.atlas-apex.com\\\/?s={search_term_string}\"},\"query-input\":{\"@type\":\"PropertyValueSpecification\",\"valueRequired\":true,\"valueName\":\"search_term_string\"}}],\"inLanguage\":\"fr-CA\"}]}<\/script>\n<!-- \/ Yoast SEO plugin. -->","yoast_head_json":{"title":"Retail - Atlas-Apex Roofing Inc.","robots":{"index":"index","follow":"follow","max-snippet":"max-snippet:-1","max-image-preview":"max-image-preview:large","max-video-preview":"max-video-preview:-1"},"canonical":"https:\/\/www.atlas-apex.com\/fr\/expertise\/retail\/","og_locale":"fr_CA","og_type":"article","og_title":"Retail - Atlas-Apex Roofing Inc.","og_description":"Roof repairs and services in the retail environment require a solid understanding of how retailers operate. With a goal of minimal disruption,...","og_url":"https:\/\/www.atlas-apex.com\/fr\/expertise\/retail\/","og_site_name":"Atlas-Apex Roofing Inc.","article_modified_time":"2020-09-08T18:55:57+00:00","twitter_card":"summary_large_image","schema":{"@context":"https:\/\/schema.org","@graph":[{"@type":"WebPage","@id":"https:\/\/www.atlas-apex.com\/expertise\/retail\/","url":"https:\/\/www.atlas-apex.com\/expertise\/retail\/","name":"Retail - Atlas-Apex Roofing Inc.","isPartOf":{"@id":"https:\/\/www.atlas-apex.com\/#website"},"datePublished":"2020-08-17T14:16:15+00:00","dateModified":"2020-09-08T18:55:57+00:00","breadcrumb":{"@id":"https:\/\/www.atlas-apex.com\/expertise\/retail\/#breadcrumb"},"inLanguage":"fr-CA","potentialAction":[{"@type":"ReadAction","target":["https:\/\/www.atlas-apex.com\/expertise\/retail\/"]}]},{"@type":"BreadcrumbList","@id":"https:\/\/www.atlas-apex.com\/expertise\/retail\/#breadcrumb","itemListElement":[{"@type":"ListItem","position":1,"name":"Home","item":"https:\/\/www.atlas-apex.com\/"},{"@type":"ListItem","position":2,"name":"Expertise","item":"https:\/\/www.atlas-apex.com\/expertise\/"},{"@type":"ListItem","position":3,"name":"Retail"}]},{"@type":"WebSite","@id":"https:\/\/www.atlas-apex.com\/#website","url":"https:\/\/www.atlas-apex.com\/","name":"Atlas-Apex Roofing","description":"","potentialAction":[{"@type":"SearchAction","target":{"@type":"EntryPoint","urlTemplate":"https:\/\/www.atlas-apex.com\/?s={search_term_string}"},"query-input":{"@type":"PropertyValueSpecification","valueRequired":true,"valueName":"search_term_string"}}],"inLanguage":"fr-CA"}]}},"_links":{"self":[{"href":"https:\/\/www.atlas-apex.com\/fr\/wp-json\/wp\/v2\/pages\/783","targetHints":{"allow":["GET"]}}],"collection":[{"href":"https:\/\/www.atlas-apex.com\/fr\/wp-json\/wp\/v2\/pages"}],"about":[{"href":"https:\/\/www.atlas-apex.com\/fr\/wp-json\/wp\/v2\/types\/page"}],"author":[{"embeddable":true,"href":"https:\/\/www.atlas-apex.com\/fr\/wp-json\/wp\/v2\/users\/1"}],"replies":[{"embeddable":true,"href":"https:\/\/www.atlas-apex.com\/fr\/wp-json\/wp\/v2\/comments?post=783"}],"version-history":[{"count":0,"href":"https:\/\/www.atlas-apex.com\/fr\/wp-json\/wp\/v2\/pages\/783\/revisions"}],"up":[{"embeddable":true,"href":"https:\/\/www.atlas-apex.com\/fr\/wp-json\/wp\/v2\/pages\/51"}],"wp:attachment":[{"href":"https:\/\/www.atlas-apex.com\/fr\/wp-json\/wp\/v2\/media?parent=783"}],"curies":[{"name":"wp","href":"https:\/\/api.w.org\/{rel}","templated":true}]}}