{"id":775,"date":"2020-08-17T14:13:57","date_gmt":"2020-08-17T14:13:57","guid":{"rendered":"https:\/\/www.atlas-apex.com\/?page_id=775"},"modified":"2020-09-08T18:55:02","modified_gmt":"2020-09-08T18:55:02","slug":"office","status":"publish","type":"page","link":"https:\/\/www.atlas-apex.com\/fr\/expertise\/office\/","title":{"rendered":"Office"},"content":{"rendered":"<p>Sur un march\u00e9 tr\u00e8s concurrentiel, Atlas-Apex Roofing propose des solutions de t\u00f4lerie pour les commerces et les bureaux qui sont \u00e0 la fois abordables et sensibles au temps. Lorsque le maintien des taux d'occupation \u00e0 des niveaux optimaux est primordial, Atlas-Apex Roofing offre un d\u00e9lai d'ex\u00e9cution rapide et un processus bien organis\u00e9 et bien communiqu\u00e9 qui satisfait vos locataires et les autres parties prenantes.&nbsp;<\/p>\n\n\n\n<p>Toitures Atlas-Apex est l'entreprise de t\u00f4lerie de confiance au Canada.<\/p>","protected":false},"excerpt":{"rendered":"<p>In a highly competitive marketplace, Atlas-Apex Roofing is able to offer commercial and office roofing solutions that are both affordable and time&#8230;<\/p>","protected":false},"author":1,"featured_media":0,"parent":51,"menu_order":30,"comment_status":"closed","ping_status":"closed","template":"template-expertise.php","meta":{"_acf_changed":false,"inline_featured_image":false,"footnotes":""},"class_list":["post-775","page","type-page","status-publish","hentry"],"acf":[],"yoast_head":"<!-- This site is optimized with the Yoast SEO plugin v27.4 - https:\/\/yoast.com\/product\/yoast-seo-wordpress\/ -->\n<title>Office - Atlas-Apex Roofing Inc.<\/title>\n<meta name=\"robots\" content=\"index, follow, max-snippet:-1, max-image-preview:large, max-video-preview:-1\" \/>\n<link rel=\"canonical\" href=\"https:\/\/www.atlas-apex.com\/fr\/expertise\/office\/\" \/>\n<meta property=\"og:locale\" content=\"fr_CA\" \/>\n<meta property=\"og:type\" content=\"article\" \/>\n<meta property=\"og:title\" content=\"Office - Atlas-Apex Roofing Inc.\" \/>\n<meta property=\"og:description\" content=\"In a highly competitive marketplace, Atlas-Apex Roofing is able to offer commercial and office roofing solutions that are both affordable and time...\" \/>\n<meta property=\"og:url\" content=\"https:\/\/www.atlas-apex.com\/fr\/expertise\/office\/\" \/>\n<meta property=\"og:site_name\" content=\"Atlas-Apex Roofing Inc.\" \/>\n<meta property=\"article:modified_time\" content=\"2020-09-08T18:55:02+00:00\" \/>\n<meta name=\"twitter:card\" content=\"summary_large_image\" \/>\n<script type=\"application\/ld+json\" class=\"yoast-schema-graph\">{\"@context\":\"https:\\\/\\\/schema.org\",\"@graph\":[{\"@type\":\"WebPage\",\"@id\":\"https:\\\/\\\/www.atlas-apex.com\\\/expertise\\\/office\\\/\",\"url\":\"https:\\\/\\\/www.atlas-apex.com\\\/expertise\\\/office\\\/\",\"name\":\"Office - Atlas-Apex Roofing Inc.\",\"isPartOf\":{\"@id\":\"https:\\\/\\\/www.atlas-apex.com\\\/#website\"},\"datePublished\":\"2020-08-17T14:13:57+00:00\",\"dateModified\":\"2020-09-08T18:55:02+00:00\",\"breadcrumb\":{\"@id\":\"https:\\\/\\\/www.atlas-apex.com\\\/expertise\\\/office\\\/#breadcrumb\"},\"inLanguage\":\"fr-CA\",\"potentialAction\":[{\"@type\":\"ReadAction\",\"target\":[\"https:\\\/\\\/www.atlas-apex.com\\\/expertise\\\/office\\\/\"]}]},{\"@type\":\"BreadcrumbList\",\"@id\":\"https:\\\/\\\/www.atlas-apex.com\\\/expertise\\\/office\\\/#breadcrumb\",\"itemListElement\":[{\"@type\":\"ListItem\",\"position\":1,\"name\":\"Home\",\"item\":\"https:\\\/\\\/www.atlas-apex.com\\\/\"},{\"@type\":\"ListItem\",\"position\":2,\"name\":\"Expertise\",\"item\":\"https:\\\/\\\/www.atlas-apex.com\\\/expertise\\\/\"},{\"@type\":\"ListItem\",\"position\":3,\"name\":\"Office\"}]},{\"@type\":\"WebSite\",\"@id\":\"https:\\\/\\\/www.atlas-apex.com\\\/#website\",\"url\":\"https:\\\/\\\/www.atlas-apex.com\\\/\",\"name\":\"Atlas-Apex Roofing Inc.\",\"description\":\"\",\"potentialAction\":[{\"@type\":\"SearchAction\",\"target\":{\"@type\":\"EntryPoint\",\"urlTemplate\":\"https:\\\/\\\/www.atlas-apex.com\\\/?s={search_term_string}\"},\"query-input\":{\"@type\":\"PropertyValueSpecification\",\"valueRequired\":true,\"valueName\":\"search_term_string\"}}],\"inLanguage\":\"fr-CA\"}]}<\/script>\n<!-- \/ Yoast SEO plugin. -->","yoast_head_json":{"title":"Office - Atlas-Apex Roofing Inc.","robots":{"index":"index","follow":"follow","max-snippet":"max-snippet:-1","max-image-preview":"max-image-preview:large","max-video-preview":"max-video-preview:-1"},"canonical":"https:\/\/www.atlas-apex.com\/fr\/expertise\/office\/","og_locale":"fr_CA","og_type":"article","og_title":"Office - Atlas-Apex Roofing Inc.","og_description":"In a highly competitive marketplace, Atlas-Apex Roofing is able to offer commercial and office roofing solutions that are both affordable and time...","og_url":"https:\/\/www.atlas-apex.com\/fr\/expertise\/office\/","og_site_name":"Atlas-Apex Roofing Inc.","article_modified_time":"2020-09-08T18:55:02+00:00","twitter_card":"summary_large_image","schema":{"@context":"https:\/\/schema.org","@graph":[{"@type":"WebPage","@id":"https:\/\/www.atlas-apex.com\/expertise\/office\/","url":"https:\/\/www.atlas-apex.com\/expertise\/office\/","name":"Office - Atlas-Apex Roofing Inc.","isPartOf":{"@id":"https:\/\/www.atlas-apex.com\/#website"},"datePublished":"2020-08-17T14:13:57+00:00","dateModified":"2020-09-08T18:55:02+00:00","breadcrumb":{"@id":"https:\/\/www.atlas-apex.com\/expertise\/office\/#breadcrumb"},"inLanguage":"fr-CA","potentialAction":[{"@type":"ReadAction","target":["https:\/\/www.atlas-apex.com\/expertise\/office\/"]}]},{"@type":"BreadcrumbList","@id":"https:\/\/www.atlas-apex.com\/expertise\/office\/#breadcrumb","itemListElement":[{"@type":"ListItem","position":1,"name":"Home","item":"https:\/\/www.atlas-apex.com\/"},{"@type":"ListItem","position":2,"name":"Expertise","item":"https:\/\/www.atlas-apex.com\/expertise\/"},{"@type":"ListItem","position":3,"name":"Office"}]},{"@type":"WebSite","@id":"https:\/\/www.atlas-apex.com\/#website","url":"https:\/\/www.atlas-apex.com\/","name":"Atlas-Apex Roofing","description":"","potentialAction":[{"@type":"SearchAction","target":{"@type":"EntryPoint","urlTemplate":"https:\/\/www.atlas-apex.com\/?s={search_term_string}"},"query-input":{"@type":"PropertyValueSpecification","valueRequired":true,"valueName":"search_term_string"}}],"inLanguage":"fr-CA"}]}},"_links":{"self":[{"href":"https:\/\/www.atlas-apex.com\/fr\/wp-json\/wp\/v2\/pages\/775","targetHints":{"allow":["GET"]}}],"collection":[{"href":"https:\/\/www.atlas-apex.com\/fr\/wp-json\/wp\/v2\/pages"}],"about":[{"href":"https:\/\/www.atlas-apex.com\/fr\/wp-json\/wp\/v2\/types\/page"}],"author":[{"embeddable":true,"href":"https:\/\/www.atlas-apex.com\/fr\/wp-json\/wp\/v2\/users\/1"}],"replies":[{"embeddable":true,"href":"https:\/\/www.atlas-apex.com\/fr\/wp-json\/wp\/v2\/comments?post=775"}],"version-history":[{"count":0,"href":"https:\/\/www.atlas-apex.com\/fr\/wp-json\/wp\/v2\/pages\/775\/revisions"}],"up":[{"embeddable":true,"href":"https:\/\/www.atlas-apex.com\/fr\/wp-json\/wp\/v2\/pages\/51"}],"wp:attachment":[{"href":"https:\/\/www.atlas-apex.com\/fr\/wp-json\/wp\/v2\/media?parent=775"}],"curies":[{"name":"wp","href":"https:\/\/api.w.org\/{rel}","templated":true}]}}