{"id":68,"date":"2020-05-11T22:04:38","date_gmt":"2020-05-11T22:04:38","guid":{"rendered":"https:\/\/www.atlas-apex.com\/about-us\/partners\/"},"modified":"2024-05-13T12:09:40","modified_gmt":"2024-05-13T16:09:40","slug":"partners","status":"publish","type":"page","link":"https:\/\/www.atlas-apex.com\/fr\/about-us\/partners\/","title":{"rendered":"Partenaires"},"content":{"rendered":"<p>Nous vous recommandons de travailler avec votre membre professionnel de IIBEC, International Institute of Building Enclosure Consultants (anciennement RCI) pour sp\u00e9cifier et concevoir les mat\u00e9riaux.<\/p>\n\n\n\n<p>Les membres professionnels du IIBEC comprennent plus de 1 500 personnes qualifi\u00e9es, dont les sp\u00e9cialit\u00e9s comprennent la conception, la r\u00e9paration et la gestion des toitures, l'\u00e9tanch\u00e9it\u00e9 et les syst\u00e8mes de murs ext\u00e9rieurs. Beaucoup sont \u00e9galement sp\u00e9cialis\u00e9s dans les enqu\u00eates m\u00e9dico-l\u00e9gales, les t\u00e9moignages d'experts et la pr\u00e9paration des documents de construction.<\/p>\n\n\n\n<p>Les membres professionnels de IIBEC op\u00e8rent sans conflit d'int\u00e9r\u00eats et ne sont li\u00e9s \u00e0 aucun fabricant ou produit. Ils s'efforcent d'\u00eatre impartiaux et sont r\u00e9gis par un code d'\u00e9thique \u00e9tabli. Les membres professionnels de IIBEC ont une connaissance pratique des derni\u00e8res technologies et m\u00e9thodologies du secteur. Ils s'engagent \u00e0 maintenir des exigences annuelles en mati\u00e8re de formation continue.<\/p>\n\n\n\n<div style=\"height:40px\" aria-hidden=\"true\" class=\"wp-block-spacer\"><\/div>","protected":false},"excerpt":{"rendered":"<p>We recommend working with\u00a0IIBEC, \u00a0International Institute of Building Enclosure Consultants (formally known as RCI)\u00a0professional member to specify and design materials. IIBEC\u2019s&nbsp;professional membership&#8230;<\/p>","protected":false},"author":1,"featured_media":0,"parent":64,"menu_order":15,"comment_status":"closed","ping_status":"closed","template":"template-partners.php","meta":{"_acf_changed":false,"inline_featured_image":false,"footnotes":""},"class_list":["post-68","page","type-page","status-publish","hentry"],"acf":[],"yoast_head":"<!-- This site is optimized with the Yoast SEO plugin v27.3 - https:\/\/yoast.com\/product\/yoast-seo-wordpress\/ -->\n<title>Partners - Atlas-Apex Roofing Inc.<\/title>\n<meta name=\"robots\" content=\"index, follow, max-snippet:-1, max-image-preview:large, max-video-preview:-1\" \/>\n<link rel=\"canonical\" href=\"https:\/\/www.atlas-apex.com\/fr\/about-us\/partners\/\" \/>\n<meta property=\"og:locale\" content=\"fr_CA\" \/>\n<meta property=\"og:type\" content=\"article\" \/>\n<meta property=\"og:title\" content=\"Partners - Atlas-Apex Roofing Inc.\" \/>\n<meta property=\"og:description\" content=\"We recommend working with\u00a0IIBEC, \u00a0International Institute of Building Enclosure Consultants (formally known as RCI)\u00a0professional member to specify and design materials. IIBEC\u2019s&nbsp;professional membership...\" \/>\n<meta property=\"og:url\" content=\"https:\/\/www.atlas-apex.com\/fr\/about-us\/partners\/\" \/>\n<meta property=\"og:site_name\" content=\"Atlas-Apex Roofing Inc.\" \/>\n<meta property=\"article:modified_time\" content=\"2024-05-13T16:09:40+00:00\" \/>\n<meta name=\"twitter:card\" content=\"summary_large_image\" \/>\n<meta name=\"twitter:label1\" content=\"Estimation du temps de lecture\" \/>\n\t<meta name=\"twitter:data1\" content=\"1 minute\" \/>\n<script type=\"application\/ld+json\" class=\"yoast-schema-graph\">{\"@context\":\"https:\\\/\\\/schema.org\",\"@graph\":[{\"@type\":\"WebPage\",\"@id\":\"https:\\\/\\\/www.atlas-apex.com\\\/about-us\\\/partners\\\/\",\"url\":\"https:\\\/\\\/www.atlas-apex.com\\\/about-us\\\/partners\\\/\",\"name\":\"Partners - Atlas-Apex Roofing Inc.\",\"isPartOf\":{\"@id\":\"https:\\\/\\\/www.atlas-apex.com\\\/#website\"},\"datePublished\":\"2020-05-11T22:04:38+00:00\",\"dateModified\":\"2024-05-13T16:09:40+00:00\",\"breadcrumb\":{\"@id\":\"https:\\\/\\\/www.atlas-apex.com\\\/about-us\\\/partners\\\/#breadcrumb\"},\"inLanguage\":\"fr-CA\",\"potentialAction\":[{\"@type\":\"ReadAction\",\"target\":[\"https:\\\/\\\/www.atlas-apex.com\\\/about-us\\\/partners\\\/\"]}]},{\"@type\":\"BreadcrumbList\",\"@id\":\"https:\\\/\\\/www.atlas-apex.com\\\/about-us\\\/partners\\\/#breadcrumb\",\"itemListElement\":[{\"@type\":\"ListItem\",\"position\":1,\"name\":\"Home\",\"item\":\"https:\\\/\\\/www.atlas-apex.com\\\/\"},{\"@type\":\"ListItem\",\"position\":2,\"name\":\"About Us\",\"item\":\"https:\\\/\\\/www.atlas-apex.com\\\/about-us\\\/\"},{\"@type\":\"ListItem\",\"position\":3,\"name\":\"Partners\"}]},{\"@type\":\"WebSite\",\"@id\":\"https:\\\/\\\/www.atlas-apex.com\\\/#website\",\"url\":\"https:\\\/\\\/www.atlas-apex.com\\\/\",\"name\":\"Atlas-Apex Roofing Inc.\",\"description\":\"\",\"potentialAction\":[{\"@type\":\"SearchAction\",\"target\":{\"@type\":\"EntryPoint\",\"urlTemplate\":\"https:\\\/\\\/www.atlas-apex.com\\\/?s={search_term_string}\"},\"query-input\":{\"@type\":\"PropertyValueSpecification\",\"valueRequired\":true,\"valueName\":\"search_term_string\"}}],\"inLanguage\":\"fr-CA\"}]}<\/script>\n<!-- \/ Yoast SEO plugin. -->","yoast_head_json":{"title":"Partners - Atlas-Apex Roofing Inc.","robots":{"index":"index","follow":"follow","max-snippet":"max-snippet:-1","max-image-preview":"max-image-preview:large","max-video-preview":"max-video-preview:-1"},"canonical":"https:\/\/www.atlas-apex.com\/fr\/about-us\/partners\/","og_locale":"fr_CA","og_type":"article","og_title":"Partners - Atlas-Apex Roofing Inc.","og_description":"We recommend working with\u00a0IIBEC, \u00a0International Institute of Building Enclosure Consultants (formally known as RCI)\u00a0professional member to specify and design materials. IIBEC\u2019s&nbsp;professional membership...","og_url":"https:\/\/www.atlas-apex.com\/fr\/about-us\/partners\/","og_site_name":"Atlas-Apex Roofing Inc.","article_modified_time":"2024-05-13T16:09:40+00:00","twitter_card":"summary_large_image","twitter_misc":{"Estimation du temps de lecture":"1 minute"},"schema":{"@context":"https:\/\/schema.org","@graph":[{"@type":"WebPage","@id":"https:\/\/www.atlas-apex.com\/about-us\/partners\/","url":"https:\/\/www.atlas-apex.com\/about-us\/partners\/","name":"Partners - Atlas-Apex Roofing Inc.","isPartOf":{"@id":"https:\/\/www.atlas-apex.com\/#website"},"datePublished":"2020-05-11T22:04:38+00:00","dateModified":"2024-05-13T16:09:40+00:00","breadcrumb":{"@id":"https:\/\/www.atlas-apex.com\/about-us\/partners\/#breadcrumb"},"inLanguage":"fr-CA","potentialAction":[{"@type":"ReadAction","target":["https:\/\/www.atlas-apex.com\/about-us\/partners\/"]}]},{"@type":"BreadcrumbList","@id":"https:\/\/www.atlas-apex.com\/about-us\/partners\/#breadcrumb","itemListElement":[{"@type":"ListItem","position":1,"name":"Home","item":"https:\/\/www.atlas-apex.com\/"},{"@type":"ListItem","position":2,"name":"About Us","item":"https:\/\/www.atlas-apex.com\/about-us\/"},{"@type":"ListItem","position":3,"name":"Partners"}]},{"@type":"WebSite","@id":"https:\/\/www.atlas-apex.com\/#website","url":"https:\/\/www.atlas-apex.com\/","name":"Atlas-Apex Roofing","description":"","potentialAction":[{"@type":"SearchAction","target":{"@type":"EntryPoint","urlTemplate":"https:\/\/www.atlas-apex.com\/?s={search_term_string}"},"query-input":{"@type":"PropertyValueSpecification","valueRequired":true,"valueName":"search_term_string"}}],"inLanguage":"fr-CA"}]}},"_links":{"self":[{"href":"https:\/\/www.atlas-apex.com\/fr\/wp-json\/wp\/v2\/pages\/68","targetHints":{"allow":["GET"]}}],"collection":[{"href":"https:\/\/www.atlas-apex.com\/fr\/wp-json\/wp\/v2\/pages"}],"about":[{"href":"https:\/\/www.atlas-apex.com\/fr\/wp-json\/wp\/v2\/types\/page"}],"author":[{"embeddable":true,"href":"https:\/\/www.atlas-apex.com\/fr\/wp-json\/wp\/v2\/users\/1"}],"replies":[{"embeddable":true,"href":"https:\/\/www.atlas-apex.com\/fr\/wp-json\/wp\/v2\/comments?post=68"}],"version-history":[{"count":19,"href":"https:\/\/www.atlas-apex.com\/fr\/wp-json\/wp\/v2\/pages\/68\/revisions"}],"predecessor-version":[{"id":3921,"href":"https:\/\/www.atlas-apex.com\/fr\/wp-json\/wp\/v2\/pages\/68\/revisions\/3921"}],"up":[{"embeddable":true,"href":"https:\/\/www.atlas-apex.com\/fr\/wp-json\/wp\/v2\/pages\/64"}],"wp:attachment":[{"href":"https:\/\/www.atlas-apex.com\/fr\/wp-json\/wp\/v2\/media?parent=68"}],"curies":[{"name":"wp","href":"https:\/\/api.w.org\/{rel}","templated":true}]}}