{"id":62,"date":"2020-05-11T22:04:36","date_gmt":"2020-05-11T22:04:36","guid":{"rendered":"https:\/\/www.atlas-apex.com\/careers\/"},"modified":"2021-03-01T15:13:36","modified_gmt":"2021-03-01T15:13:36","slug":"careers","status":"publish","type":"page","link":"https:\/\/www.atlas-apex.com\/fr\/careers\/","title":{"rendered":"Carri\u00e8res"},"content":{"rendered":"<p>Toitures Atlas-Apex ne cesse de se d\u00e9velopper au Canada, et nous recherchions des personnes d\u00e9vou\u00e9es pour grandir avec nous. Nous sommes en t\u00eate dans l'industrie de t\u00f4lerie gr\u00e2ce \u00e0 notre priorit\u00e9 absolue: nos clients. Notre histoire est preuve de notre excellente performance, et notre force motrice est notre capacit\u00e9 \u00e0 fournir des solutions de toiture \u00e0 nos clients. Aujourd'hui, nous appliquons une technologie innovante pour mener \u00e0 bien le travail, mais notre d\u00e9vouement au service \u00e0 la client\u00e8le reste le m\u00eame.<\/p>\n\n\n\n<p><strong>Venez travailler pour Toitures Atlas-Apex.<\/strong><\/p>\n\n\n\n<p>Toitures Atlas-Apex est une entreprise avant-gardiste et nous sommes toujours \u00e0 la recherche de personnes partageant les m\u00eames id\u00e9es pour nous rejoindre.<\/p>\n\n\n\n<p>Veuillez nous envoyer une note avec un aper\u00e7u g\u00e9n\u00e9ral de vos comp\u00e9tences et joindre votre CV. Nous vous r\u00e9pondrons dans quelques jours. Oui, vraiment.<\/p>\n\n\n\n<p>Voici comment vous pouvez nous parler de vous:<\/p>\n\n\n\n<p><strong>Courriel<\/strong><br>Atlas-Apex Roofing<br>65 Disco Road<br>Etobicoke, Ontario M9W 1M2<br>de par le Canada<\/p>\n\n\n\n<p><strong>T\u00e9l\u00e9phone<\/strong><br>416-421-6244<\/p>\n\n\n\n<p><strong>Fax<\/strong><br>416-421-1661<\/p>\n\n\n\n<p><strong>Adresse \u00e9lectronique<\/strong> *click the email below to direct message us.<br><a style=\"text-decoration:underline\" href=\"mailto:careers@atlas-apex.com\">careers@atlas-apex.com<\/a><\/p>","protected":false},"excerpt":{"rendered":"<p>Atlas-Apex Roofing is continually expanding across Canada, and we\u2019re looking for dedicated individuals to grow with us. Atlas-Apex Roofing became leaders in&#8230;<\/p>","protected":false},"author":1,"featured_media":0,"parent":0,"menu_order":9,"comment_status":"closed","ping_status":"closed","template":"template-careers.php","meta":{"_acf_changed":false,"inline_featured_image":false,"footnotes":""},"class_list":["post-62","page","type-page","status-publish","hentry"],"acf":[],"yoast_head":"<!-- This site is optimized with the Yoast SEO plugin v27.4 - https:\/\/yoast.com\/product\/yoast-seo-wordpress\/ -->\n<title>Careers - Atlas-Apex Roofing Inc.<\/title>\n<meta name=\"robots\" content=\"index, follow, max-snippet:-1, max-image-preview:large, max-video-preview:-1\" \/>\n<link rel=\"canonical\" href=\"https:\/\/www.atlas-apex.com\/fr\/careers\/\" \/>\n<meta property=\"og:locale\" content=\"fr_CA\" \/>\n<meta property=\"og:type\" content=\"article\" \/>\n<meta property=\"og:title\" content=\"Careers - Atlas-Apex Roofing Inc.\" \/>\n<meta property=\"og:description\" content=\"Atlas-Apex Roofing is continually expanding across Canada, and we\u2019re looking for dedicated individuals to grow with us. Atlas-Apex Roofing became leaders in...\" \/>\n<meta property=\"og:url\" content=\"https:\/\/www.atlas-apex.com\/fr\/careers\/\" \/>\n<meta property=\"og:site_name\" content=\"Atlas-Apex Roofing Inc.\" \/>\n<meta property=\"article:modified_time\" content=\"2021-03-01T15:13:36+00:00\" \/>\n<meta name=\"twitter:card\" content=\"summary_large_image\" \/>\n<meta name=\"twitter:label1\" content=\"Estimation du temps de lecture\" \/>\n\t<meta name=\"twitter:data1\" content=\"1 minute\" \/>\n<script type=\"application\/ld+json\" class=\"yoast-schema-graph\">{\"@context\":\"https:\\\/\\\/schema.org\",\"@graph\":[{\"@type\":\"WebPage\",\"@id\":\"https:\\\/\\\/www.atlas-apex.com\\\/careers\\\/\",\"url\":\"https:\\\/\\\/www.atlas-apex.com\\\/careers\\\/\",\"name\":\"Careers - Atlas-Apex Roofing Inc.\",\"isPartOf\":{\"@id\":\"https:\\\/\\\/www.atlas-apex.com\\\/#website\"},\"datePublished\":\"2020-05-11T22:04:36+00:00\",\"dateModified\":\"2021-03-01T15:13:36+00:00\",\"breadcrumb\":{\"@id\":\"https:\\\/\\\/www.atlas-apex.com\\\/careers\\\/#breadcrumb\"},\"inLanguage\":\"fr-CA\",\"potentialAction\":[{\"@type\":\"ReadAction\",\"target\":[\"https:\\\/\\\/www.atlas-apex.com\\\/careers\\\/\"]}]},{\"@type\":\"BreadcrumbList\",\"@id\":\"https:\\\/\\\/www.atlas-apex.com\\\/careers\\\/#breadcrumb\",\"itemListElement\":[{\"@type\":\"ListItem\",\"position\":1,\"name\":\"Home\",\"item\":\"https:\\\/\\\/www.atlas-apex.com\\\/\"},{\"@type\":\"ListItem\",\"position\":2,\"name\":\"Careers\"}]},{\"@type\":\"WebSite\",\"@id\":\"https:\\\/\\\/www.atlas-apex.com\\\/#website\",\"url\":\"https:\\\/\\\/www.atlas-apex.com\\\/\",\"name\":\"Atlas-Apex Roofing Inc.\",\"description\":\"\",\"potentialAction\":[{\"@type\":\"SearchAction\",\"target\":{\"@type\":\"EntryPoint\",\"urlTemplate\":\"https:\\\/\\\/www.atlas-apex.com\\\/?s={search_term_string}\"},\"query-input\":{\"@type\":\"PropertyValueSpecification\",\"valueRequired\":true,\"valueName\":\"search_term_string\"}}],\"inLanguage\":\"fr-CA\"}]}<\/script>\n<!-- \/ Yoast SEO plugin. -->","yoast_head_json":{"title":"Careers - Atlas-Apex Roofing Inc.","robots":{"index":"index","follow":"follow","max-snippet":"max-snippet:-1","max-image-preview":"max-image-preview:large","max-video-preview":"max-video-preview:-1"},"canonical":"https:\/\/www.atlas-apex.com\/fr\/careers\/","og_locale":"fr_CA","og_type":"article","og_title":"Careers - Atlas-Apex Roofing Inc.","og_description":"Atlas-Apex Roofing is continually expanding across Canada, and we\u2019re looking for dedicated individuals to grow with us. Atlas-Apex Roofing became leaders in...","og_url":"https:\/\/www.atlas-apex.com\/fr\/careers\/","og_site_name":"Atlas-Apex Roofing Inc.","article_modified_time":"2021-03-01T15:13:36+00:00","twitter_card":"summary_large_image","twitter_misc":{"Estimation du temps de lecture":"1 minute"},"schema":{"@context":"https:\/\/schema.org","@graph":[{"@type":"WebPage","@id":"https:\/\/www.atlas-apex.com\/careers\/","url":"https:\/\/www.atlas-apex.com\/careers\/","name":"Careers - Atlas-Apex Roofing Inc.","isPartOf":{"@id":"https:\/\/www.atlas-apex.com\/#website"},"datePublished":"2020-05-11T22:04:36+00:00","dateModified":"2021-03-01T15:13:36+00:00","breadcrumb":{"@id":"https:\/\/www.atlas-apex.com\/careers\/#breadcrumb"},"inLanguage":"fr-CA","potentialAction":[{"@type":"ReadAction","target":["https:\/\/www.atlas-apex.com\/careers\/"]}]},{"@type":"BreadcrumbList","@id":"https:\/\/www.atlas-apex.com\/careers\/#breadcrumb","itemListElement":[{"@type":"ListItem","position":1,"name":"Home","item":"https:\/\/www.atlas-apex.com\/"},{"@type":"ListItem","position":2,"name":"Careers"}]},{"@type":"WebSite","@id":"https:\/\/www.atlas-apex.com\/#website","url":"https:\/\/www.atlas-apex.com\/","name":"Atlas-Apex Roofing","description":"","potentialAction":[{"@type":"SearchAction","target":{"@type":"EntryPoint","urlTemplate":"https:\/\/www.atlas-apex.com\/?s={search_term_string}"},"query-input":{"@type":"PropertyValueSpecification","valueRequired":true,"valueName":"search_term_string"}}],"inLanguage":"fr-CA"}]}},"_links":{"self":[{"href":"https:\/\/www.atlas-apex.com\/fr\/wp-json\/wp\/v2\/pages\/62","targetHints":{"allow":["GET"]}}],"collection":[{"href":"https:\/\/www.atlas-apex.com\/fr\/wp-json\/wp\/v2\/pages"}],"about":[{"href":"https:\/\/www.atlas-apex.com\/fr\/wp-json\/wp\/v2\/types\/page"}],"author":[{"embeddable":true,"href":"https:\/\/www.atlas-apex.com\/fr\/wp-json\/wp\/v2\/users\/1"}],"replies":[{"embeddable":true,"href":"https:\/\/www.atlas-apex.com\/fr\/wp-json\/wp\/v2\/comments?post=62"}],"version-history":[{"count":1,"href":"https:\/\/www.atlas-apex.com\/fr\/wp-json\/wp\/v2\/pages\/62\/revisions"}],"predecessor-version":[{"id":2627,"href":"https:\/\/www.atlas-apex.com\/fr\/wp-json\/wp\/v2\/pages\/62\/revisions\/2627"}],"wp:attachment":[{"href":"https:\/\/www.atlas-apex.com\/fr\/wp-json\/wp\/v2\/media?parent=62"}],"curies":[{"name":"wp","href":"https:\/\/api.w.org\/{rel}","templated":true}]}}