{"id":60,"date":"2020-05-11T22:04:36","date_gmt":"2020-05-11T22:04:36","guid":{"rendered":"https:\/\/www.atlas-apex.com\/technology\/"},"modified":"2020-11-05T15:30:48","modified_gmt":"2020-11-05T15:30:48","slug":"technology","status":"publish","type":"page","link":"https:\/\/www.atlas-apex.com\/fr\/technology\/","title":{"rendered":"Technologie"},"content":{"rendered":"<h2 class=\"common-title wp-block-heading\"><br><strong>L'application mobile d'intervention en cas d'urgence<\/strong><\/h2>\n\n\n\n<p><br>Notre \u00e9quipe prend des mesures imm\u00e9diates d\u00e8s son arriv\u00e9e sur place. Nous \u00e9valuions en d\u00e9taille et proposons un plan d'action pour assurer la p\u00e9rennit\u00e9 de votre toit. Nous vous communiquons ensuite tous les d\u00e9tails par l'interm\u00e9diaire de notre syst\u00e8me d'intervention en cas d'urgence (ERS).<\/p>\n\n\n\n<p>The ERS means that within 24 hours of completing your emergency repair, we send you photos of exactly what was repaired. We also send you an estimate detailing what it will take to carry out a permanent repair for your emergency problem \u2014&nbsp; complete service from start to finish.<br><br><br><\/p>\n\n\n\n<div class=\"wp-block-columns is-layout-flex wp-container-core-columns-is-layout-9d6595d7 wp-block-columns-is-layout-flex\">\n<div class=\"wp-block-column is-layout-flow wp-block-column-is-layout-flow\">\n<h3 class=\"wp-block-heading\">Service du lendemain<\/h3>\n\n\n\n<p><br>L\u2019application mobile de r\u00e9ponse en cas d\u2019urgences traite \u00e9galement toutes les demandes non urgentes de services planifi\u00e9s sur les toits, tels que l'entretien pr\u00e9ventif, les inspections, les r\u00e9parations ou les modifications. Le bouton Service du lendemain vous permet de soumettre facilement ce type de demande.<br><\/p>\n\n\n\n<h3 class=\"wp-block-heading\">Historique des services<\/h3>\n\n\n\n<p><br>Le bouton \"Historique des services\" vous permet d\u2019acc\u00e9der \u00e0 l\u2019historique complet de toutes les demandes de service soumises via l'application mobile de r\u00e9ponse aux urgences. Vous pouvez acc\u00e9der \u00e0 tous les d\u00e9tails importants, y compris l'heure et la date, l'installation et les coordonn\u00e9es, le type de demande, la personne qui a demand\u00e9 le service et toute note ajout\u00e9e par l'utilisateur.<\/p>\n<\/div>\n\n\n\n<div class=\"wp-block-column is-layout-flow wp-block-column-is-layout-flow\">\n<h3 class=\"wp-block-heading\">Informations sur les contacts\/installations des magasins<\/h3>\n\n\n\n<p><br>L'application mobile d'intervention en cas d'urgence sauvegarde les coordonn\u00e9es de base des clients et les d\u00e9tails de leur(s) installation(s) sur leur appareil, de sorte que les demandes de service multiples et\/ou les installations multiples n'ont besoin d'entrer les informations qu'une seule fois pour chaque installation.<br><br><\/p>\n\n\n\n<h3 class=\"wp-block-heading\">Plusieurs dispositifs par utilisateur<\/h3>\n\n\n\n<p><br>En ce qui concerne les personnes utilisant plusieurs appareils mobiles, toutes les informations contenues dans l'application sont automatiquement synchronis\u00e9es entre les appareils. Ainsi, il n'est jamais n\u00e9cessaire de mettre \u00e0 jour chaque appareil manuellement.<\/p>\n<\/div>\n<\/div>\n\n\n\n<p><\/p>","protected":false},"excerpt":{"rendered":"<p>Our Emergency Response Mobile App Our team takes immediate action when they arrive at your location. We provide a detailed assessment and&#8230;<\/p>","protected":false},"author":1,"featured_media":0,"parent":0,"menu_order":7,"comment_status":"closed","ping_status":"closed","template":"template-technology.php","meta":{"_acf_changed":false,"inline_featured_image":false,"footnotes":""},"class_list":["post-60","page","type-page","status-publish","hentry"],"acf":[],"yoast_head":"<!-- This site is optimized with the Yoast SEO plugin v27.4 - https:\/\/yoast.com\/product\/yoast-seo-wordpress\/ -->\n<title>Technology - Atlas-Apex Roofing Inc.<\/title>\n<meta name=\"description\" content=\"30\" \/>\n<meta name=\"robots\" content=\"index, follow, max-snippet:-1, max-image-preview:large, max-video-preview:-1\" \/>\n<link rel=\"canonical\" href=\"https:\/\/www.atlas-apex.com\/fr\/technology\/\" \/>\n<meta property=\"og:locale\" content=\"fr_CA\" \/>\n<meta property=\"og:type\" content=\"article\" \/>\n<meta property=\"og:title\" content=\"Technology - Atlas-Apex Roofing Inc.\" \/>\n<meta property=\"og:description\" content=\"30\" \/>\n<meta property=\"og:url\" content=\"https:\/\/www.atlas-apex.com\/fr\/technology\/\" \/>\n<meta property=\"og:site_name\" content=\"Atlas-Apex Roofing Inc.\" \/>\n<meta property=\"article:modified_time\" content=\"2020-11-05T15:30:48+00:00\" \/>\n<meta name=\"twitter:card\" content=\"summary_large_image\" \/>\n<meta name=\"twitter:label1\" content=\"Estimation du temps de lecture\" \/>\n\t<meta name=\"twitter:data1\" content=\"1 minute\" \/>\n<script type=\"application\/ld+json\" class=\"yoast-schema-graph\">{\"@context\":\"https:\\\/\\\/schema.org\",\"@graph\":[{\"@type\":\"WebPage\",\"@id\":\"https:\\\/\\\/www.atlas-apex.com\\\/technology\\\/\",\"url\":\"https:\\\/\\\/www.atlas-apex.com\\\/technology\\\/\",\"name\":\"Technology - Atlas-Apex Roofing Inc.\",\"isPartOf\":{\"@id\":\"https:\\\/\\\/www.atlas-apex.com\\\/#website\"},\"datePublished\":\"2020-05-11T22:04:36+00:00\",\"dateModified\":\"2020-11-05T15:30:48+00:00\",\"description\":\"30\",\"breadcrumb\":{\"@id\":\"https:\\\/\\\/www.atlas-apex.com\\\/technology\\\/#breadcrumb\"},\"inLanguage\":\"fr-CA\",\"potentialAction\":[{\"@type\":\"ReadAction\",\"target\":[\"https:\\\/\\\/www.atlas-apex.com\\\/technology\\\/\"]}]},{\"@type\":\"BreadcrumbList\",\"@id\":\"https:\\\/\\\/www.atlas-apex.com\\\/technology\\\/#breadcrumb\",\"itemListElement\":[{\"@type\":\"ListItem\",\"position\":1,\"name\":\"Home\",\"item\":\"https:\\\/\\\/www.atlas-apex.com\\\/\"},{\"@type\":\"ListItem\",\"position\":2,\"name\":\"Technology\"}]},{\"@type\":\"WebSite\",\"@id\":\"https:\\\/\\\/www.atlas-apex.com\\\/#website\",\"url\":\"https:\\\/\\\/www.atlas-apex.com\\\/\",\"name\":\"Atlas-Apex Roofing Inc.\",\"description\":\"\",\"potentialAction\":[{\"@type\":\"SearchAction\",\"target\":{\"@type\":\"EntryPoint\",\"urlTemplate\":\"https:\\\/\\\/www.atlas-apex.com\\\/?s={search_term_string}\"},\"query-input\":{\"@type\":\"PropertyValueSpecification\",\"valueRequired\":true,\"valueName\":\"search_term_string\"}}],\"inLanguage\":\"fr-CA\"}]}<\/script>\n<!-- \/ Yoast SEO plugin. -->","yoast_head_json":{"title":"Technology - Atlas-Apex Roofing Inc.","description":"30","robots":{"index":"index","follow":"follow","max-snippet":"max-snippet:-1","max-image-preview":"max-image-preview:large","max-video-preview":"max-video-preview:-1"},"canonical":"https:\/\/www.atlas-apex.com\/fr\/technology\/","og_locale":"fr_CA","og_type":"article","og_title":"Technology - Atlas-Apex Roofing Inc.","og_description":"30","og_url":"https:\/\/www.atlas-apex.com\/fr\/technology\/","og_site_name":"Atlas-Apex Roofing Inc.","article_modified_time":"2020-11-05T15:30:48+00:00","twitter_card":"summary_large_image","twitter_misc":{"Estimation du temps de lecture":"1 minute"},"schema":{"@context":"https:\/\/schema.org","@graph":[{"@type":"WebPage","@id":"https:\/\/www.atlas-apex.com\/technology\/","url":"https:\/\/www.atlas-apex.com\/technology\/","name":"Technology - Atlas-Apex Roofing Inc.","isPartOf":{"@id":"https:\/\/www.atlas-apex.com\/#website"},"datePublished":"2020-05-11T22:04:36+00:00","dateModified":"2020-11-05T15:30:48+00:00","description":"30","breadcrumb":{"@id":"https:\/\/www.atlas-apex.com\/technology\/#breadcrumb"},"inLanguage":"fr-CA","potentialAction":[{"@type":"ReadAction","target":["https:\/\/www.atlas-apex.com\/technology\/"]}]},{"@type":"BreadcrumbList","@id":"https:\/\/www.atlas-apex.com\/technology\/#breadcrumb","itemListElement":[{"@type":"ListItem","position":1,"name":"Home","item":"https:\/\/www.atlas-apex.com\/"},{"@type":"ListItem","position":2,"name":"Technology"}]},{"@type":"WebSite","@id":"https:\/\/www.atlas-apex.com\/#website","url":"https:\/\/www.atlas-apex.com\/","name":"Atlas-Apex Roofing","description":"","potentialAction":[{"@type":"SearchAction","target":{"@type":"EntryPoint","urlTemplate":"https:\/\/www.atlas-apex.com\/?s={search_term_string}"},"query-input":{"@type":"PropertyValueSpecification","valueRequired":true,"valueName":"search_term_string"}}],"inLanguage":"fr-CA"}]}},"_links":{"self":[{"href":"https:\/\/www.atlas-apex.com\/fr\/wp-json\/wp\/v2\/pages\/60","targetHints":{"allow":["GET"]}}],"collection":[{"href":"https:\/\/www.atlas-apex.com\/fr\/wp-json\/wp\/v2\/pages"}],"about":[{"href":"https:\/\/www.atlas-apex.com\/fr\/wp-json\/wp\/v2\/types\/page"}],"author":[{"embeddable":true,"href":"https:\/\/www.atlas-apex.com\/fr\/wp-json\/wp\/v2\/users\/1"}],"replies":[{"embeddable":true,"href":"https:\/\/www.atlas-apex.com\/fr\/wp-json\/wp\/v2\/comments?post=60"}],"version-history":[{"count":0,"href":"https:\/\/www.atlas-apex.com\/fr\/wp-json\/wp\/v2\/pages\/60\/revisions"}],"wp:attachment":[{"href":"https:\/\/www.atlas-apex.com\/fr\/wp-json\/wp\/v2\/media?parent=60"}],"curies":[{"name":"wp","href":"https:\/\/api.w.org\/{rel}","templated":true}]}}