{"id":53,"date":"2020-05-11T22:04:34","date_gmt":"2020-05-11T22:04:34","guid":{"rendered":"https:\/\/www.atlas-apex.com\/expertise\/hospitality\/"},"modified":"2020-09-09T12:44:11","modified_gmt":"2020-09-09T12:44:11","slug":"hospitality","status":"publish","type":"page","link":"https:\/\/www.atlas-apex.com\/fr\/expertise\/hospitality\/","title":{"rendered":"Hospitality"},"content":{"rendered":"<p>L'industrie de l'accueil exige une attention particuli\u00e8re et attentionn\u00e9e. Comme l'entreprise continue \u00e0 servir sa client\u00e8le pendant que les travaux de couverture sont en cours, la perception des clients est essentielle. La s\u00e9curit\u00e9, le contr\u00f4le du bruit et la propret\u00e9 g\u00e9n\u00e9rale sont autant d'\u00e9l\u00e9ments qui contribuent \u00e0 une exp\u00e9rience positive pour les clients.&nbsp;<\/p>\n\n\n\n<p>Atlas-Apex Roofing fournit des services de couverture d'urgence 24 heures sur 24, 7 jours sur 7 et 365 jours par an.<\/p>","protected":false},"excerpt":{"rendered":"<p>The hospitality industry requires a very specific and sensitive focus. Because the business continues to serve its clientele while roofing work is&#8230;<\/p>","protected":false},"author":1,"featured_media":0,"parent":51,"menu_order":32,"comment_status":"closed","ping_status":"closed","template":"template-expertise.php","meta":{"_acf_changed":false,"inline_featured_image":false,"footnotes":""},"class_list":["post-53","page","type-page","status-publish","hentry"],"acf":[],"yoast_head":"<!-- This site is optimized with the Yoast SEO plugin v27.3 - https:\/\/yoast.com\/product\/yoast-seo-wordpress\/ -->\n<title>Hospitality - Atlas-Apex Roofing Inc.<\/title>\n<meta name=\"robots\" content=\"index, follow, max-snippet:-1, max-image-preview:large, max-video-preview:-1\" \/>\n<link rel=\"canonical\" href=\"https:\/\/www.atlas-apex.com\/fr\/expertise\/hospitality\/\" \/>\n<meta property=\"og:locale\" content=\"fr_CA\" \/>\n<meta property=\"og:type\" content=\"article\" \/>\n<meta property=\"og:title\" content=\"Hospitality - Atlas-Apex Roofing Inc.\" \/>\n<meta property=\"og:description\" content=\"The hospitality industry requires a very specific and sensitive focus. Because the business continues to serve its clientele while roofing work is...\" \/>\n<meta property=\"og:url\" content=\"https:\/\/www.atlas-apex.com\/fr\/expertise\/hospitality\/\" \/>\n<meta property=\"og:site_name\" content=\"Atlas-Apex Roofing Inc.\" \/>\n<meta property=\"article:modified_time\" content=\"2020-09-09T12:44:11+00:00\" \/>\n<meta name=\"twitter:card\" content=\"summary_large_image\" \/>\n<script type=\"application\/ld+json\" class=\"yoast-schema-graph\">{\"@context\":\"https:\\\/\\\/schema.org\",\"@graph\":[{\"@type\":\"WebPage\",\"@id\":\"https:\\\/\\\/www.atlas-apex.com\\\/expertise\\\/hospitality\\\/\",\"url\":\"https:\\\/\\\/www.atlas-apex.com\\\/expertise\\\/hospitality\\\/\",\"name\":\"Hospitality - Atlas-Apex Roofing Inc.\",\"isPartOf\":{\"@id\":\"https:\\\/\\\/www.atlas-apex.com\\\/#website\"},\"datePublished\":\"2020-05-11T22:04:34+00:00\",\"dateModified\":\"2020-09-09T12:44:11+00:00\",\"breadcrumb\":{\"@id\":\"https:\\\/\\\/www.atlas-apex.com\\\/expertise\\\/hospitality\\\/#breadcrumb\"},\"inLanguage\":\"fr-CA\",\"potentialAction\":[{\"@type\":\"ReadAction\",\"target\":[\"https:\\\/\\\/www.atlas-apex.com\\\/expertise\\\/hospitality\\\/\"]}]},{\"@type\":\"BreadcrumbList\",\"@id\":\"https:\\\/\\\/www.atlas-apex.com\\\/expertise\\\/hospitality\\\/#breadcrumb\",\"itemListElement\":[{\"@type\":\"ListItem\",\"position\":1,\"name\":\"Home\",\"item\":\"https:\\\/\\\/www.atlas-apex.com\\\/\"},{\"@type\":\"ListItem\",\"position\":2,\"name\":\"Expertise\",\"item\":\"https:\\\/\\\/www.atlas-apex.com\\\/expertise\\\/\"},{\"@type\":\"ListItem\",\"position\":3,\"name\":\"Hospitality\"}]},{\"@type\":\"WebSite\",\"@id\":\"https:\\\/\\\/www.atlas-apex.com\\\/#website\",\"url\":\"https:\\\/\\\/www.atlas-apex.com\\\/\",\"name\":\"Atlas-Apex Roofing Inc.\",\"description\":\"\",\"potentialAction\":[{\"@type\":\"SearchAction\",\"target\":{\"@type\":\"EntryPoint\",\"urlTemplate\":\"https:\\\/\\\/www.atlas-apex.com\\\/?s={search_term_string}\"},\"query-input\":{\"@type\":\"PropertyValueSpecification\",\"valueRequired\":true,\"valueName\":\"search_term_string\"}}],\"inLanguage\":\"fr-CA\"}]}<\/script>\n<!-- \/ Yoast SEO plugin. -->","yoast_head_json":{"title":"Hospitality - Atlas-Apex Roofing Inc.","robots":{"index":"index","follow":"follow","max-snippet":"max-snippet:-1","max-image-preview":"max-image-preview:large","max-video-preview":"max-video-preview:-1"},"canonical":"https:\/\/www.atlas-apex.com\/fr\/expertise\/hospitality\/","og_locale":"fr_CA","og_type":"article","og_title":"Hospitality - Atlas-Apex Roofing Inc.","og_description":"The hospitality industry requires a very specific and sensitive focus. Because the business continues to serve its clientele while roofing work is...","og_url":"https:\/\/www.atlas-apex.com\/fr\/expertise\/hospitality\/","og_site_name":"Atlas-Apex Roofing Inc.","article_modified_time":"2020-09-09T12:44:11+00:00","twitter_card":"summary_large_image","schema":{"@context":"https:\/\/schema.org","@graph":[{"@type":"WebPage","@id":"https:\/\/www.atlas-apex.com\/expertise\/hospitality\/","url":"https:\/\/www.atlas-apex.com\/expertise\/hospitality\/","name":"Hospitality - Atlas-Apex Roofing Inc.","isPartOf":{"@id":"https:\/\/www.atlas-apex.com\/#website"},"datePublished":"2020-05-11T22:04:34+00:00","dateModified":"2020-09-09T12:44:11+00:00","breadcrumb":{"@id":"https:\/\/www.atlas-apex.com\/expertise\/hospitality\/#breadcrumb"},"inLanguage":"fr-CA","potentialAction":[{"@type":"ReadAction","target":["https:\/\/www.atlas-apex.com\/expertise\/hospitality\/"]}]},{"@type":"BreadcrumbList","@id":"https:\/\/www.atlas-apex.com\/expertise\/hospitality\/#breadcrumb","itemListElement":[{"@type":"ListItem","position":1,"name":"Home","item":"https:\/\/www.atlas-apex.com\/"},{"@type":"ListItem","position":2,"name":"Expertise","item":"https:\/\/www.atlas-apex.com\/expertise\/"},{"@type":"ListItem","position":3,"name":"Hospitality"}]},{"@type":"WebSite","@id":"https:\/\/www.atlas-apex.com\/#website","url":"https:\/\/www.atlas-apex.com\/","name":"Atlas-Apex Roofing","description":"","potentialAction":[{"@type":"SearchAction","target":{"@type":"EntryPoint","urlTemplate":"https:\/\/www.atlas-apex.com\/?s={search_term_string}"},"query-input":{"@type":"PropertyValueSpecification","valueRequired":true,"valueName":"search_term_string"}}],"inLanguage":"fr-CA"}]}},"_links":{"self":[{"href":"https:\/\/www.atlas-apex.com\/fr\/wp-json\/wp\/v2\/pages\/53","targetHints":{"allow":["GET"]}}],"collection":[{"href":"https:\/\/www.atlas-apex.com\/fr\/wp-json\/wp\/v2\/pages"}],"about":[{"href":"https:\/\/www.atlas-apex.com\/fr\/wp-json\/wp\/v2\/types\/page"}],"author":[{"embeddable":true,"href":"https:\/\/www.atlas-apex.com\/fr\/wp-json\/wp\/v2\/users\/1"}],"replies":[{"embeddable":true,"href":"https:\/\/www.atlas-apex.com\/fr\/wp-json\/wp\/v2\/comments?post=53"}],"version-history":[{"count":0,"href":"https:\/\/www.atlas-apex.com\/fr\/wp-json\/wp\/v2\/pages\/53\/revisions"}],"up":[{"embeddable":true,"href":"https:\/\/www.atlas-apex.com\/fr\/wp-json\/wp\/v2\/pages\/51"}],"wp:attachment":[{"href":"https:\/\/www.atlas-apex.com\/fr\/wp-json\/wp\/v2\/media?parent=53"}],"curies":[{"name":"wp","href":"https:\/\/api.w.org\/{rel}","templated":true}]}}