{"id":47,"date":"2020-05-11T22:04:33","date_gmt":"2020-05-11T22:04:33","guid":{"rendered":"https:\/\/www.atlas-apex.com\/divisions\/re-rood-restoration\/"},"modified":"2020-10-28T20:03:50","modified_gmt":"2020-10-28T20:03:50","slug":"re-roof-restoration","status":"publish","type":"page","link":"https:\/\/www.atlas-apex.com\/fr\/divisions\/re-roof-restoration\/","title":{"rendered":"Reconstruction Et Restauration"},"content":{"rendered":"<p>Le long de sa vie, un toit commercial passe par de nombreuses \u00e9tapes. En mettant en \u0153uvre un programme d'entretien pr\u00e9ventif complet et opportun tout au long de sa dur\u00e9e de vie, cela peut consid\u00e9rablement prolonger la dur\u00e9e de vie effective d'un syst\u00e8me de t\u00f4lerie commerciale, allant jusqu\u2019\u00e0 25 ou 30 ans.\nSi une toiture est bien entretenue et surveill\u00e9e tout au long de sa dur\u00e9e de vie, des options de restauration peuvent \u00eatre mises en \u0153uvre dans la derni\u00e8re moiti\u00e9, voire le tiers, de sa dur\u00e9e de vie, ce qui prolonge consid\u00e9rablement son service.\u00a0<\/p>\n\n\n\n<p>Toitures Atlas-Apex sera avec vous dans toutes les \u00e9tapes et vous fournira les conseils d'experts, le savoir-faire et le service \u00e0 la client\u00e8le qui vous permettront de maximiser l\u2019efficacit\u00e9 et la long\u00e9vit\u00e9 de votre toiture.<\/p>\n\n\n\n<p>Apres une certaine p\u00e9riode viendra le moment o\u00f9 remplacer la toiture sera la seule option viable. Dans ce cas, il n'existe pas d'entreprise plus exp\u00e9riment\u00e9e, plus qualifi\u00e9e et plus apte \u00e0 g\u00e9rer le processus de r\u00e9fection de toiture qu'Atlas-Apex Roofing.<\/p>","protected":false},"excerpt":{"rendered":"<p>A commercial roof will progress through many stages during its lifespan. By implementing a comprehensive and timely preventive maintenance program throughout its&#8230;<\/p>","protected":false},"author":1,"featured_media":0,"parent":45,"menu_order":23,"comment_status":"closed","ping_status":"closed","template":"template-divisions-single.php","meta":{"_acf_changed":false,"inline_featured_image":false,"footnotes":""},"class_list":["post-47","page","type-page","status-publish","hentry"],"acf":[],"yoast_head":"<!-- This site is optimized with the Yoast SEO plugin v27.4 - https:\/\/yoast.com\/product\/yoast-seo-wordpress\/ -->\n<title>Re-Roofing &amp; Restoration - Atlas-Apex Roofing Inc.<\/title>\n<meta name=\"description\" content=\"-1379\" \/>\n<meta name=\"robots\" content=\"index, follow, max-snippet:-1, max-image-preview:large, max-video-preview:-1\" \/>\n<link rel=\"canonical\" href=\"https:\/\/www.atlas-apex.com\/fr\/divisions\/re-roof-restoration\/\" \/>\n<meta property=\"og:locale\" content=\"fr_CA\" \/>\n<meta property=\"og:type\" content=\"article\" \/>\n<meta property=\"og:title\" content=\"Re-Roofing &amp; Restoration - Atlas-Apex Roofing Inc.\" \/>\n<meta property=\"og:description\" content=\"-1379\" \/>\n<meta property=\"og:url\" content=\"https:\/\/www.atlas-apex.com\/fr\/divisions\/re-roof-restoration\/\" \/>\n<meta property=\"og:site_name\" content=\"Atlas-Apex Roofing Inc.\" \/>\n<meta property=\"article:modified_time\" content=\"2020-10-28T20:03:50+00:00\" \/>\n<meta name=\"twitter:card\" content=\"summary_large_image\" \/>\n<meta name=\"twitter:label1\" content=\"Estimation du temps de lecture\" \/>\n\t<meta name=\"twitter:data1\" content=\"1 minute\" \/>\n<script type=\"application\/ld+json\" class=\"yoast-schema-graph\">{\"@context\":\"https:\\\/\\\/schema.org\",\"@graph\":[{\"@type\":\"WebPage\",\"@id\":\"https:\\\/\\\/www.atlas-apex.com\\\/divisions\\\/re-roof-restoration\\\/\",\"url\":\"https:\\\/\\\/www.atlas-apex.com\\\/divisions\\\/re-roof-restoration\\\/\",\"name\":\"Re-Roofing & Restoration - Atlas-Apex Roofing Inc.\",\"isPartOf\":{\"@id\":\"https:\\\/\\\/www.atlas-apex.com\\\/#website\"},\"datePublished\":\"2020-05-11T22:04:33+00:00\",\"dateModified\":\"2020-10-28T20:03:50+00:00\",\"description\":\"-1379\",\"breadcrumb\":{\"@id\":\"https:\\\/\\\/www.atlas-apex.com\\\/divisions\\\/re-roof-restoration\\\/#breadcrumb\"},\"inLanguage\":\"fr-CA\",\"potentialAction\":[{\"@type\":\"ReadAction\",\"target\":[\"https:\\\/\\\/www.atlas-apex.com\\\/divisions\\\/re-roof-restoration\\\/\"]}]},{\"@type\":\"BreadcrumbList\",\"@id\":\"https:\\\/\\\/www.atlas-apex.com\\\/divisions\\\/re-roof-restoration\\\/#breadcrumb\",\"itemListElement\":[{\"@type\":\"ListItem\",\"position\":1,\"name\":\"Home\",\"item\":\"https:\\\/\\\/www.atlas-apex.com\\\/\"},{\"@type\":\"ListItem\",\"position\":2,\"name\":\"Divisions\",\"item\":\"https:\\\/\\\/www.atlas-apex.com\\\/divisions\\\/\"},{\"@type\":\"ListItem\",\"position\":3,\"name\":\"Re-Roofing &#038; Restoration\"}]},{\"@type\":\"WebSite\",\"@id\":\"https:\\\/\\\/www.atlas-apex.com\\\/#website\",\"url\":\"https:\\\/\\\/www.atlas-apex.com\\\/\",\"name\":\"Atlas-Apex Roofing Inc.\",\"description\":\"\",\"potentialAction\":[{\"@type\":\"SearchAction\",\"target\":{\"@type\":\"EntryPoint\",\"urlTemplate\":\"https:\\\/\\\/www.atlas-apex.com\\\/?s={search_term_string}\"},\"query-input\":{\"@type\":\"PropertyValueSpecification\",\"valueRequired\":true,\"valueName\":\"search_term_string\"}}],\"inLanguage\":\"fr-CA\"}]}<\/script>\n<!-- \/ Yoast SEO plugin. -->","yoast_head_json":{"title":"Re-Roofing & Restoration - Atlas-Apex Roofing Inc.","description":"-1379","robots":{"index":"index","follow":"follow","max-snippet":"max-snippet:-1","max-image-preview":"max-image-preview:large","max-video-preview":"max-video-preview:-1"},"canonical":"https:\/\/www.atlas-apex.com\/fr\/divisions\/re-roof-restoration\/","og_locale":"fr_CA","og_type":"article","og_title":"Re-Roofing & Restoration - Atlas-Apex Roofing Inc.","og_description":"-1379","og_url":"https:\/\/www.atlas-apex.com\/fr\/divisions\/re-roof-restoration\/","og_site_name":"Atlas-Apex Roofing Inc.","article_modified_time":"2020-10-28T20:03:50+00:00","twitter_card":"summary_large_image","twitter_misc":{"Estimation du temps de lecture":"1 minute"},"schema":{"@context":"https:\/\/schema.org","@graph":[{"@type":"WebPage","@id":"https:\/\/www.atlas-apex.com\/divisions\/re-roof-restoration\/","url":"https:\/\/www.atlas-apex.com\/divisions\/re-roof-restoration\/","name":"Re-Roofing & Restoration - Atlas-Apex Roofing Inc.","isPartOf":{"@id":"https:\/\/www.atlas-apex.com\/#website"},"datePublished":"2020-05-11T22:04:33+00:00","dateModified":"2020-10-28T20:03:50+00:00","description":"-1379","breadcrumb":{"@id":"https:\/\/www.atlas-apex.com\/divisions\/re-roof-restoration\/#breadcrumb"},"inLanguage":"fr-CA","potentialAction":[{"@type":"ReadAction","target":["https:\/\/www.atlas-apex.com\/divisions\/re-roof-restoration\/"]}]},{"@type":"BreadcrumbList","@id":"https:\/\/www.atlas-apex.com\/divisions\/re-roof-restoration\/#breadcrumb","itemListElement":[{"@type":"ListItem","position":1,"name":"Home","item":"https:\/\/www.atlas-apex.com\/"},{"@type":"ListItem","position":2,"name":"Divisions","item":"https:\/\/www.atlas-apex.com\/divisions\/"},{"@type":"ListItem","position":3,"name":"Re-Roofing &#038; Restoration"}]},{"@type":"WebSite","@id":"https:\/\/www.atlas-apex.com\/#website","url":"https:\/\/www.atlas-apex.com\/","name":"Atlas-Apex Roofing","description":"","potentialAction":[{"@type":"SearchAction","target":{"@type":"EntryPoint","urlTemplate":"https:\/\/www.atlas-apex.com\/?s={search_term_string}"},"query-input":{"@type":"PropertyValueSpecification","valueRequired":true,"valueName":"search_term_string"}}],"inLanguage":"fr-CA"}]}},"_links":{"self":[{"href":"https:\/\/www.atlas-apex.com\/fr\/wp-json\/wp\/v2\/pages\/47","targetHints":{"allow":["GET"]}}],"collection":[{"href":"https:\/\/www.atlas-apex.com\/fr\/wp-json\/wp\/v2\/pages"}],"about":[{"href":"https:\/\/www.atlas-apex.com\/fr\/wp-json\/wp\/v2\/types\/page"}],"author":[{"embeddable":true,"href":"https:\/\/www.atlas-apex.com\/fr\/wp-json\/wp\/v2\/users\/1"}],"replies":[{"embeddable":true,"href":"https:\/\/www.atlas-apex.com\/fr\/wp-json\/wp\/v2\/comments?post=47"}],"version-history":[{"count":0,"href":"https:\/\/www.atlas-apex.com\/fr\/wp-json\/wp\/v2\/pages\/47\/revisions"}],"up":[{"embeddable":true,"href":"https:\/\/www.atlas-apex.com\/fr\/wp-json\/wp\/v2\/pages\/45"}],"wp:attachment":[{"href":"https:\/\/www.atlas-apex.com\/fr\/wp-json\/wp\/v2\/media?parent=47"}],"curies":[{"name":"wp","href":"https:\/\/api.w.org\/{rel}","templated":true}]}}