{"id":794,"date":"2020-08-17T14:30:40","date_gmt":"2020-08-17T14:30:40","guid":{"rendered":"https:\/\/www.atlas-apex.com\/?page_id=794"},"modified":"2020-11-09T14:11:16","modified_gmt":"2020-11-09T14:11:16","slug":"siding-sheet-metal","status":"publish","type":"page","link":"http:\/\/www.atlas-apex.com\/fr\/divisions\/siding-sheet-metal\/","title":{"rendered":"Rev\u00eatement Et M\u00e9tal"},"content":{"rendered":"<p>La division rev\u00eatement m\u00e9tal d'Atlas-Apex Roofing apporte des ann\u00e9es d'exp\u00e9rience et des personnalisations de pointe non seulement \u00e0 votre toiture, mais aussi \u00e0 votre b\u00e2timent. Cette division est en mesure de s'occuper de tous les aspects, de la prise de mesures pr\u00e9cises \u00e0 la mise en couleur du m\u00e9tal existant, en passant par la pr\u00e9paration du m\u00e9tal et l'installation. Toitures Atlas-Apex a \u00e9t\u00e9 la premi\u00e8re entreprise au Canada \u00e0 installer un syst\u00e8me de rupture et de cisaillement en ligne pour le rev\u00eatement et la le metal. Ce syst\u00e8me rend possible un niveau de personnalisation incroyablement \u00e9lev\u00e9 de tr\u00e8s grande pr\u00e9cision, le tout dans le cadre d'un processus tr\u00e8s efficace. En plus de toutes les t\u00f4les de p\u00e9rim\u00e8tre, des unit\u00e9s des climatisations, des ventilateurs d'extraction, des goutti\u00e8res et des goutti\u00e8res de marqueterie, l'entreprise installe et r\u00e9pare les toitures m\u00e9talliques, y compris les murs et les parement m\u00e9talliques des toitures en cuivre, et bien plus encore.<\/p>","protected":false},"excerpt":{"rendered":"<p>The Siding and Sheet Metal Division of Atlas-Apex Roofing brings years of experience and state-of-the-art customizations to not only your roof, but&#8230;<\/p>","protected":false},"author":1,"featured_media":0,"parent":45,"menu_order":21,"comment_status":"closed","ping_status":"closed","template":"template-divisions-single.php","meta":{"_acf_changed":false,"inline_featured_image":false,"footnotes":""},"class_list":["post-794","page","type-page","status-publish","hentry"],"acf":[],"yoast_head":"<!-- This site is optimized with the Yoast SEO plugin v27.4 - https:\/\/yoast.com\/product\/yoast-seo-wordpress\/ -->\n<title>Siding &amp; Sheet Metal - Atlas-Apex Roofing Inc.<\/title>\n<meta name=\"description\" content=\"-1379\" \/>\n<meta name=\"robots\" content=\"index, follow, max-snippet:-1, max-image-preview:large, max-video-preview:-1\" \/>\n<link rel=\"canonical\" href=\"https:\/\/www.atlas-apex.com\/fr\/divisions\/siding-sheet-metal\/\" \/>\n<meta property=\"og:locale\" content=\"fr_CA\" \/>\n<meta property=\"og:type\" content=\"article\" \/>\n<meta property=\"og:title\" content=\"Siding &amp; Sheet Metal - Atlas-Apex Roofing Inc.\" \/>\n<meta property=\"og:description\" content=\"-1379\" \/>\n<meta property=\"og:url\" content=\"https:\/\/www.atlas-apex.com\/fr\/divisions\/siding-sheet-metal\/\" \/>\n<meta property=\"og:site_name\" content=\"Atlas-Apex Roofing Inc.\" \/>\n<meta property=\"article:modified_time\" content=\"2020-11-09T14:11:16+00:00\" \/>\n<meta name=\"twitter:card\" content=\"summary_large_image\" \/>\n<meta name=\"twitter:label1\" content=\"Estimation du temps de lecture\" \/>\n\t<meta name=\"twitter:data1\" content=\"1 minute\" \/>\n<script type=\"application\/ld+json\" class=\"yoast-schema-graph\">{\"@context\":\"https:\\\/\\\/schema.org\",\"@graph\":[{\"@type\":\"WebPage\",\"@id\":\"https:\\\/\\\/www.atlas-apex.com\\\/divisions\\\/siding-sheet-metal\\\/\",\"url\":\"https:\\\/\\\/www.atlas-apex.com\\\/divisions\\\/siding-sheet-metal\\\/\",\"name\":\"Siding & Sheet Metal - Atlas-Apex Roofing Inc.\",\"isPartOf\":{\"@id\":\"https:\\\/\\\/www.atlas-apex.com\\\/#website\"},\"datePublished\":\"2020-08-17T14:30:40+00:00\",\"dateModified\":\"2020-11-09T14:11:16+00:00\",\"description\":\"-1379\",\"breadcrumb\":{\"@id\":\"https:\\\/\\\/www.atlas-apex.com\\\/divisions\\\/siding-sheet-metal\\\/#breadcrumb\"},\"inLanguage\":\"fr-CA\",\"potentialAction\":[{\"@type\":\"ReadAction\",\"target\":[\"https:\\\/\\\/www.atlas-apex.com\\\/divisions\\\/siding-sheet-metal\\\/\"]}]},{\"@type\":\"BreadcrumbList\",\"@id\":\"https:\\\/\\\/www.atlas-apex.com\\\/divisions\\\/siding-sheet-metal\\\/#breadcrumb\",\"itemListElement\":[{\"@type\":\"ListItem\",\"position\":1,\"name\":\"Home\",\"item\":\"https:\\\/\\\/www.atlas-apex.com\\\/\"},{\"@type\":\"ListItem\",\"position\":2,\"name\":\"Divisions\",\"item\":\"https:\\\/\\\/www.atlas-apex.com\\\/divisions\\\/\"},{\"@type\":\"ListItem\",\"position\":3,\"name\":\"Siding &#038; Sheet Metal\"}]},{\"@type\":\"WebSite\",\"@id\":\"https:\\\/\\\/www.atlas-apex.com\\\/#website\",\"url\":\"https:\\\/\\\/www.atlas-apex.com\\\/\",\"name\":\"Atlas-Apex Roofing Inc.\",\"description\":\"\",\"potentialAction\":[{\"@type\":\"SearchAction\",\"target\":{\"@type\":\"EntryPoint\",\"urlTemplate\":\"https:\\\/\\\/www.atlas-apex.com\\\/?s={search_term_string}\"},\"query-input\":{\"@type\":\"PropertyValueSpecification\",\"valueRequired\":true,\"valueName\":\"search_term_string\"}}],\"inLanguage\":\"fr-CA\"}]}<\/script>\n<!-- \/ Yoast SEO plugin. -->","yoast_head_json":{"title":"Siding & Sheet Metal - Atlas-Apex Roofing Inc.","description":"-1379","robots":{"index":"index","follow":"follow","max-snippet":"max-snippet:-1","max-image-preview":"max-image-preview:large","max-video-preview":"max-video-preview:-1"},"canonical":"https:\/\/www.atlas-apex.com\/fr\/divisions\/siding-sheet-metal\/","og_locale":"fr_CA","og_type":"article","og_title":"Siding & Sheet Metal - Atlas-Apex Roofing Inc.","og_description":"-1379","og_url":"https:\/\/www.atlas-apex.com\/fr\/divisions\/siding-sheet-metal\/","og_site_name":"Atlas-Apex Roofing Inc.","article_modified_time":"2020-11-09T14:11:16+00:00","twitter_card":"summary_large_image","twitter_misc":{"Estimation du temps de lecture":"1 minute"},"schema":{"@context":"https:\/\/schema.org","@graph":[{"@type":"WebPage","@id":"https:\/\/www.atlas-apex.com\/divisions\/siding-sheet-metal\/","url":"https:\/\/www.atlas-apex.com\/divisions\/siding-sheet-metal\/","name":"Siding & Sheet Metal - Atlas-Apex Roofing Inc.","isPartOf":{"@id":"https:\/\/www.atlas-apex.com\/#website"},"datePublished":"2020-08-17T14:30:40+00:00","dateModified":"2020-11-09T14:11:16+00:00","description":"-1379","breadcrumb":{"@id":"https:\/\/www.atlas-apex.com\/divisions\/siding-sheet-metal\/#breadcrumb"},"inLanguage":"fr-CA","potentialAction":[{"@type":"ReadAction","target":["https:\/\/www.atlas-apex.com\/divisions\/siding-sheet-metal\/"]}]},{"@type":"BreadcrumbList","@id":"https:\/\/www.atlas-apex.com\/divisions\/siding-sheet-metal\/#breadcrumb","itemListElement":[{"@type":"ListItem","position":1,"name":"Home","item":"https:\/\/www.atlas-apex.com\/"},{"@type":"ListItem","position":2,"name":"Divisions","item":"https:\/\/www.atlas-apex.com\/divisions\/"},{"@type":"ListItem","position":3,"name":"Siding &#038; Sheet Metal"}]},{"@type":"WebSite","@id":"https:\/\/www.atlas-apex.com\/#website","url":"https:\/\/www.atlas-apex.com\/","name":"Atlas-Apex Roofing","description":"","potentialAction":[{"@type":"SearchAction","target":{"@type":"EntryPoint","urlTemplate":"https:\/\/www.atlas-apex.com\/?s={search_term_string}"},"query-input":{"@type":"PropertyValueSpecification","valueRequired":true,"valueName":"search_term_string"}}],"inLanguage":"fr-CA"}]}},"_links":{"self":[{"href":"http:\/\/www.atlas-apex.com\/fr\/wp-json\/wp\/v2\/pages\/794","targetHints":{"allow":["GET"]}}],"collection":[{"href":"http:\/\/www.atlas-apex.com\/fr\/wp-json\/wp\/v2\/pages"}],"about":[{"href":"http:\/\/www.atlas-apex.com\/fr\/wp-json\/wp\/v2\/types\/page"}],"author":[{"embeddable":true,"href":"http:\/\/www.atlas-apex.com\/fr\/wp-json\/wp\/v2\/users\/1"}],"replies":[{"embeddable":true,"href":"http:\/\/www.atlas-apex.com\/fr\/wp-json\/wp\/v2\/comments?post=794"}],"version-history":[{"count":0,"href":"http:\/\/www.atlas-apex.com\/fr\/wp-json\/wp\/v2\/pages\/794\/revisions"}],"up":[{"embeddable":true,"href":"http:\/\/www.atlas-apex.com\/fr\/wp-json\/wp\/v2\/pages\/45"}],"wp:attachment":[{"href":"http:\/\/www.atlas-apex.com\/fr\/wp-json\/wp\/v2\/media?parent=794"}],"curies":[{"name":"wp","href":"https:\/\/api.w.org\/{rel}","templated":true}]}}