{"id":66,"date":"2020-05-11T22:04:38","date_gmt":"2020-05-11T22:04:38","guid":{"rendered":"https:\/\/www.atlas-apex.com\/about-us\/management-people\/"},"modified":"2026-02-05T12:22:48","modified_gmt":"2026-02-05T17:22:48","slug":"management-people","status":"publish","type":"page","link":"http:\/\/www.atlas-apex.com\/fr\/about-us\/management-people\/","title":{"rendered":"Gestion"},"content":{"rendered":"<p>Bien que nous sommes sp\u00e9cialis\u00e9es dans les toitures, notre personnel est donc la cl\u00e9 du succ\u00e8s continu de notre entreprise. Nous nous effor\u00e7ons toujours de fournir les outils technologiques les plus r\u00e9cents ainsi que les m\u00e9thodes et les solutions de produits les meilleures et les plus efficaces. Mais ce sont nos employ\u00e9s qui nous rendent unique. Nous disposons d'une \u00e9quipe de professionnels d\u00e9vou\u00e9s et comp\u00e9tents dans tous les domaines de notre activit\u00e9, qui travaillent tous dans un but commun : offrir \u00e0 nos clients une valeur de pointe en leur garantissant les solutions les plus fiables, les plus rapides et les plus rentables pour tous leurs besoins en mati\u00e8re de t\u00f4lerie.<\/p>","protected":false},"excerpt":{"rendered":"<p>While our business is all about roofing, the key to the continued success of our business is our people. We always strive&#8230;<\/p>","protected":false},"author":1,"featured_media":0,"parent":64,"menu_order":13,"comment_status":"closed","ping_status":"closed","template":"template-management.php","meta":{"_acf_changed":false,"inline_featured_image":false,"footnotes":""},"class_list":["post-66","page","type-page","status-publish","hentry"],"acf":[],"yoast_head":"<!-- This site is optimized with the Yoast SEO plugin v27.4 - https:\/\/yoast.com\/product\/yoast-seo-wordpress\/ -->\n<title>Management - Atlas-Apex Roofing Inc.<\/title>\n<meta name=\"robots\" content=\"index, follow, max-snippet:-1, max-image-preview:large, max-video-preview:-1\" \/>\n<link rel=\"canonical\" href=\"https:\/\/www.atlas-apex.com\/fr\/about-us\/management-people\/\" \/>\n<meta property=\"og:locale\" content=\"fr_CA\" \/>\n<meta property=\"og:type\" content=\"article\" \/>\n<meta property=\"og:title\" content=\"Management - Atlas-Apex Roofing Inc.\" \/>\n<meta property=\"og:description\" content=\"While our business is all about roofing, the key to the continued success of our business is our people. We always strive...\" \/>\n<meta property=\"og:url\" content=\"https:\/\/www.atlas-apex.com\/fr\/about-us\/management-people\/\" \/>\n<meta property=\"og:site_name\" content=\"Atlas-Apex Roofing Inc.\" \/>\n<meta property=\"article:modified_time\" content=\"2026-02-05T17:22:48+00:00\" \/>\n<meta name=\"twitter:card\" content=\"summary_large_image\" \/>\n<meta name=\"twitter:label1\" content=\"Estimation du temps de lecture\" \/>\n\t<meta name=\"twitter:data1\" content=\"1 minute\" \/>\n<script type=\"application\/ld+json\" class=\"yoast-schema-graph\">{\"@context\":\"https:\\\/\\\/schema.org\",\"@graph\":[{\"@type\":\"WebPage\",\"@id\":\"https:\\\/\\\/www.atlas-apex.com\\\/about-us\\\/management-people\\\/\",\"url\":\"https:\\\/\\\/www.atlas-apex.com\\\/about-us\\\/management-people\\\/\",\"name\":\"Management - Atlas-Apex Roofing Inc.\",\"isPartOf\":{\"@id\":\"https:\\\/\\\/www.atlas-apex.com\\\/#website\"},\"datePublished\":\"2020-05-11T22:04:38+00:00\",\"dateModified\":\"2026-02-05T17:22:48+00:00\",\"breadcrumb\":{\"@id\":\"https:\\\/\\\/www.atlas-apex.com\\\/about-us\\\/management-people\\\/#breadcrumb\"},\"inLanguage\":\"fr-CA\",\"potentialAction\":[{\"@type\":\"ReadAction\",\"target\":[\"https:\\\/\\\/www.atlas-apex.com\\\/about-us\\\/management-people\\\/\"]}]},{\"@type\":\"BreadcrumbList\",\"@id\":\"https:\\\/\\\/www.atlas-apex.com\\\/about-us\\\/management-people\\\/#breadcrumb\",\"itemListElement\":[{\"@type\":\"ListItem\",\"position\":1,\"name\":\"Home\",\"item\":\"https:\\\/\\\/www.atlas-apex.com\\\/\"},{\"@type\":\"ListItem\",\"position\":2,\"name\":\"About Us\",\"item\":\"https:\\\/\\\/www.atlas-apex.com\\\/about-us\\\/\"},{\"@type\":\"ListItem\",\"position\":3,\"name\":\"Management\"}]},{\"@type\":\"WebSite\",\"@id\":\"https:\\\/\\\/www.atlas-apex.com\\\/#website\",\"url\":\"https:\\\/\\\/www.atlas-apex.com\\\/\",\"name\":\"Atlas-Apex Roofing Inc.\",\"description\":\"\",\"potentialAction\":[{\"@type\":\"SearchAction\",\"target\":{\"@type\":\"EntryPoint\",\"urlTemplate\":\"https:\\\/\\\/www.atlas-apex.com\\\/?s={search_term_string}\"},\"query-input\":{\"@type\":\"PropertyValueSpecification\",\"valueRequired\":true,\"valueName\":\"search_term_string\"}}],\"inLanguage\":\"fr-CA\"}]}<\/script>\n<!-- \/ Yoast SEO plugin. -->","yoast_head_json":{"title":"Management - Atlas-Apex Roofing Inc.","robots":{"index":"index","follow":"follow","max-snippet":"max-snippet:-1","max-image-preview":"max-image-preview:large","max-video-preview":"max-video-preview:-1"},"canonical":"https:\/\/www.atlas-apex.com\/fr\/about-us\/management-people\/","og_locale":"fr_CA","og_type":"article","og_title":"Management - Atlas-Apex Roofing Inc.","og_description":"While our business is all about roofing, the key to the continued success of our business is our people. We always strive...","og_url":"https:\/\/www.atlas-apex.com\/fr\/about-us\/management-people\/","og_site_name":"Atlas-Apex Roofing Inc.","article_modified_time":"2026-02-05T17:22:48+00:00","twitter_card":"summary_large_image","twitter_misc":{"Estimation du temps de lecture":"1 minute"},"schema":{"@context":"https:\/\/schema.org","@graph":[{"@type":"WebPage","@id":"https:\/\/www.atlas-apex.com\/about-us\/management-people\/","url":"https:\/\/www.atlas-apex.com\/about-us\/management-people\/","name":"Management - Atlas-Apex Roofing Inc.","isPartOf":{"@id":"https:\/\/www.atlas-apex.com\/#website"},"datePublished":"2020-05-11T22:04:38+00:00","dateModified":"2026-02-05T17:22:48+00:00","breadcrumb":{"@id":"https:\/\/www.atlas-apex.com\/about-us\/management-people\/#breadcrumb"},"inLanguage":"fr-CA","potentialAction":[{"@type":"ReadAction","target":["https:\/\/www.atlas-apex.com\/about-us\/management-people\/"]}]},{"@type":"BreadcrumbList","@id":"https:\/\/www.atlas-apex.com\/about-us\/management-people\/#breadcrumb","itemListElement":[{"@type":"ListItem","position":1,"name":"Home","item":"https:\/\/www.atlas-apex.com\/"},{"@type":"ListItem","position":2,"name":"About Us","item":"https:\/\/www.atlas-apex.com\/about-us\/"},{"@type":"ListItem","position":3,"name":"Management"}]},{"@type":"WebSite","@id":"https:\/\/www.atlas-apex.com\/#website","url":"https:\/\/www.atlas-apex.com\/","name":"Atlas-Apex Roofing","description":"","potentialAction":[{"@type":"SearchAction","target":{"@type":"EntryPoint","urlTemplate":"https:\/\/www.atlas-apex.com\/?s={search_term_string}"},"query-input":{"@type":"PropertyValueSpecification","valueRequired":true,"valueName":"search_term_string"}}],"inLanguage":"fr-CA"}]}},"_links":{"self":[{"href":"http:\/\/www.atlas-apex.com\/fr\/wp-json\/wp\/v2\/pages\/66","targetHints":{"allow":["GET"]}}],"collection":[{"href":"http:\/\/www.atlas-apex.com\/fr\/wp-json\/wp\/v2\/pages"}],"about":[{"href":"http:\/\/www.atlas-apex.com\/fr\/wp-json\/wp\/v2\/types\/page"}],"author":[{"embeddable":true,"href":"http:\/\/www.atlas-apex.com\/fr\/wp-json\/wp\/v2\/users\/1"}],"replies":[{"embeddable":true,"href":"http:\/\/www.atlas-apex.com\/fr\/wp-json\/wp\/v2\/comments?post=66"}],"version-history":[{"count":136,"href":"http:\/\/www.atlas-apex.com\/fr\/wp-json\/wp\/v2\/pages\/66\/revisions"}],"predecessor-version":[{"id":4229,"href":"http:\/\/www.atlas-apex.com\/fr\/wp-json\/wp\/v2\/pages\/66\/revisions\/4229"}],"up":[{"embeddable":true,"href":"http:\/\/www.atlas-apex.com\/fr\/wp-json\/wp\/v2\/pages\/64"}],"wp:attachment":[{"href":"http:\/\/www.atlas-apex.com\/fr\/wp-json\/wp\/v2\/media?parent=66"}],"curies":[{"name":"wp","href":"https:\/\/api.w.org\/{rel}","templated":true}]}}